{"id":201,"date":"2024-06-18T13:50:49","date_gmt":"2024-06-18T13:50:49","guid":{"rendered":"https:\/\/dailypay.ca\/en-ca\/?page_id=201"},"modified":"2024-09-13T13:29:30","modified_gmt":"2024-09-13T13:29:30","slug":"our-fees","status":"publish","type":"page","link":"https:\/\/dailypay.ca\/fr-ca\/our-fees\/","title":{"rendered":"Our Fees"},"content":{"rendered":"\t\t<div data-elementor-type=\"wp-page\" data-elementor-id=\"201\" class=\"elementor elementor-201\" data-elementor-post-type=\"page\">\n\t\t\t\t<div class=\"elementor-element elementor-element-c6e3330 e-flex e-con-boxed e-con e-parent\" data-id=\"c6e3330\" data-element_type=\"container\" data-e-type=\"container\">\n\t\t\t\t\t<div class=\"e-con-inner\">\n\t\t\t\t<div class=\"elementor-element elementor-element-fff91bd elementor-widget elementor-widget-ucaddon_dp_heading_text\" data-id=\"fff91bd\" data-element_type=\"widget\" data-e-type=\"widget\" data-widget_type=\"ucaddon_dp_heading_text.default\">\n\t\t\t\t<div class=\"elementor-widget-container\">\n\t\t\t\t\t\n<!-- start DP Heading Text -->\n<style>\/* widget: DP Heading Text *\/\n\nh1 span, h2 span, h3 span, h4 span, h5 span, h6 span {\n  font-family: var(--primary-font) !important;\n}\n\n<\/style>\n\n<h1 class=\"dp-font-24 navy-text dp-font-secondary f-weight-600 text-center mb0 mt0\" style=\"max-width: 650px;margin: auto;\">Prix clairs et transparents<\/h1>\n<!-- end DP Heading Text -->\t\t\t\t<\/div>\n\t\t\t\t<\/div>\n\t\t\t\t\t<\/div>\n\t\t\t\t<\/div>\n\t\t<div class=\"elementor-element elementor-element-1fccd9d e-flex e-con-boxed e-con e-parent\" data-id=\"1fccd9d\" data-element_type=\"container\" data-e-type=\"container\" data-settings=\"{&quot;background_background&quot;:&quot;classic&quot;}\">\n\t\t\t\t\t<div class=\"e-con-inner\">\n\t\t\t\t<div class=\"elementor-element elementor-element-95ee612 elementor-widget elementor-widget-html\" data-id=\"95ee612\" data-element_type=\"widget\" data-e-type=\"widget\" data-widget_type=\"html.default\">\n\t\t\t\t<div class=\"elementor-widget-container\">\n\t\t\t\t\t<div class=\"our-fees-table-wrap\">\n <div class=\"our-fees-table-wrap-outer\">\n  <div class=\"our-fees-table-wrap-inner\">\n   <div class=\"our-fees-text\"> Ouvrir un compte <\/div>\n   <div class=\"our-fees-number\"> 0\u00a0$ <\/div>\n  <\/div>\n <\/div>\n <div class=\"our-fees-table-wrap-outer\">\n  <div class=\"our-fees-table-wrap-inner\">\n   <div class=\"our-fees-text\"> Acc\u00e9der aux revenus le jour ouvrable suivant <\/div>\n   <div class=\"our-fees-number\"> 0\u00a0$* <\/div>\n  <\/div>\n <\/div>\n <div class=\"our-fees-table-wrap-outer\">\n  <div class=\"our-fees-table-wrap-inner\">\n   <div class=\"our-fees-text\"> Acc\u00e9der instantan\u00e9ment aux gains disponibles <\/div>\n   <div class=\"our-fees-number\"> <span class=\"f-weight-600\">3,99\u00a0$\u00a0CA ou moins<\/span><span>(prix forfaitaire)*<\/span> <\/div>\n  <\/div>\n <\/div>\n <div class=\"our-fees-table-wrap-outer\">\n  <div class=\"our-fees-table-wrap-inner\">\n   <div class=\"our-fees-text\"> Conseils financiers int\u00e9gr\u00e9s \u00e0 l\u2019appli <\/div>\n   <div class=\"our-fees-number\"> 0\u00a0$ <\/div>\n  <\/div>\n <\/div>\n <div class=\"our-fees-table-wrap-outer\">\n  <div class=\"our-fees-table-wrap-inner\">\n   <div class=\"our-fees-text\"> Suivre les gains et les transferts en un seul endroit <\/div>\n   <div class=\"our-fees-number\"> 0\u00a0$ <\/div>\n  <\/div>\n <\/div>\n \n <\/div>\n <div class=\"our-fees-text-paragrph dp-mt16\">\n  <p>*  Les frais varient selon l\u2019employeur; ouvrez une session dans votre compte DailyPay pour en savoir plus.<\/p>\n <\/div>\t\t\t\t<\/div>\n\t\t\t\t<\/div>\n\t\t\t\t\t<\/div>\n\t\t\t\t<\/div>\n\t\t<div class=\"elementor-element elementor-element-e7d4210 e-flex e-con-boxed e-con e-parent\" data-id=\"e7d4210\" data-element_type=\"container\" data-e-type=\"container\">\n\t\t\t\t\t<div class=\"e-con-inner\">\n\t\t<div class=\"elementor-element elementor-element-5b7e172 e-con-full e-flex e-con e-child\" data-id=\"5b7e172\" data-element_type=\"container\" data-e-type=\"container\">\n\t\t\t\t<div class=\"elementor-element elementor-element-1e9f659 elementor-widget elementor-widget-ucaddon_dp_heading_text\" data-id=\"1e9f659\" data-element_type=\"widget\" data-e-type=\"widget\" data-widget_type=\"ucaddon_dp_heading_text.default\">\n\t\t\t\t<div class=\"elementor-widget-container\">\n\t\t\t\t\t\n<!-- start DP Heading Text -->\n<style>\/* widget: DP Heading Text *\/\n\nh1 span, h2 span, h3 span, h4 span, h5 span, h6 span {\n  font-family: var(--primary-font) !important;\n}\n\n<\/style>\n\n<h2 class=\"dp-font-24 navy-text dp-font-secondary f-weight-600 text-left mb0 mt0\" style=\"max-width: nonepx;margin: auto;\">Vous avez demand\u00e9.<br> Nous avons r\u00e9pondu.<\/h2>\n<!-- end DP Heading Text -->\t\t\t\t<\/div>\n\t\t\t\t<\/div>\n\t\t\t\t<\/div>\n\t\t<div class=\"elementor-element elementor-element-619431b e-con-full e-flex e-con e-child\" data-id=\"619431b\" data-element_type=\"container\" data-e-type=\"container\">\n\t\t\t\t<div class=\"elementor-element elementor-element-3920c31 elementor-widget elementor-widget-ucaddon_dp_faq_s\" data-id=\"3920c31\" data-element_type=\"widget\" data-e-type=\"widget\" data-widget_type=\"ucaddon_dp_faq_s.default\">\n\t\t\t\t<div class=\"elementor-widget-container\">\n\t\t\t\t\t\n<!-- start DP FAQ&#039;s -->\n<style>\/* widget: DP FAQ&#039;s *\/\n\n\/* video faq styles *\/\n\n.faq-answer-video-wrap {\n  width: 100%;\n  display: flex;\n  margin-top: 22px;\n  overflow: hidden;\n  justify-content: center;\n  align-items: center;\n}\n\n.faq-answer-video-wrap .faq-answer-video-inner {\n  width: 100%;\n  margin: 10px;\n  \/* max-width: max-content; *\/\n  display: flex;\n  justify-content: flex-start;\n  align-items: center;\n}\n\n.faq-answer-video-wrap .faq-answer-video-inner .video-height {\n  height: 230px;\n  width: 100%;\n  max-width: none;\n}\n\n.faq-answer-video-wrap .faq-answer-video-inner .video-height iframe {\n  display: table;\n  max-width: 410px;\n}\n\n.dp-faq-wrap .faq-accordian ul li section p{\n  width: 90%;\n  max-width: 800px;\n}\n\n.dp-faq-wrap .faq-accordian.white-text ul li{\n  border-bottom: 1px solid rgb(255 255 255 \/ 8%);\n  padding: 32px 0;\n  cursor: pointer;\n}\n.dp-faq-wrap .faq-accordian.white-text ul li:first-child{\n  border-top: 1px solid rgb(255 255 255 \/ 8%);\n}\n.dp-faq-wrap .faq-accordian ul li .accordian-head {\n    padding-right: 35px !important;\n  line-height: normal;\n  font-size: 18px;\n  font-weight: 600;\n}\n.dp-faq-wrap .faq-accordian.white-text ul li .accordian-head{\n  color: #ffffff;\n  padding: 0;\n  padding-right: 35px;\n  position: relative;\n}\n\n.dp-faq-wrap .faq-accordian.white-text ul li .accordian-head .acc-icon i{\n  color: #ffffff; \n}\n\n.dp-faq-wrap .faq-accordian.white-text ul li section{\n  color: #ffffff; \n  padding: 0px;\n  padding-top: 8px;\n}\n\n.dp-faq-wrap .faq-accordian.white-text ul li section p{\n  color: #ffffff;\n}\n\n.dp-faq-wrap .faq-accordian.white-text ul li section p a{\n  color: #ffffff;\n}\n\n.dp-faq-wrap .faq-accordian.white-text ul li section p a:hover{\n  color: #fe4d01;\n}\n\n.dp-faq-wrap .faq-accordian.white-text ul li .accordian-head .acc-icon{\n      top: 2px;\n    position: absolute;\n    right: 0;\n}\n\n\n.dp-faq-wrap .faq-accordian ul li{\n  padding: 32px 0;\n  cursor: pointer;\n      margin: 0;\n    border-bottom: 1px solid rgba(0, 0, 0, 0.08);\n    line-height: normal;\n    list-style: none;\n}\n\n.dp-faq-wrap .faq-accordian ul li:first-child{\n  border-top: 1px solid rgb(0 0 0 \/ 8%);\n}\n\n.dp-faq-wrap .faq-accordian ul li .accordian-head{\n  padding: 0;\n  position: relative;\n}\n\n.dp-faq-wrap .faq-accordian ul li section{\n  padding: 0px;\n  padding-top: 8px;\n}\n\n.dp-faq-wrap .faq-accordian ul li .accordian-head .acc-icon{\n      top: 2px;\n    position: absolute;\n    right: 0;\n}\n\n.dp-faq-wrap .faq-accordian ul li section ul{\n  margin-top: 16px;\n    padding-left: 24px;\n}\n\n.dp-faq-wrap .faq-accordian ul li section ul li{\n      padding: 0;\n    border: none !important;\n    font-size: 16px;\n  list-style: inside;\n      line-height: 24px;\n}\n\n.dp-faq-wrap .faq-accordian ul li section p a{\n\tfont-weight: 600;\n  color: #04143a;\n  text-decoration: underline;\n}\n\n.dp-faq-wrap .faq-accordian ul li section p{\n\tmargin-top: 16px;\n}\n\n.dp-faq-wrap .faq-accordian ul li section p a:hover{\n\tcolor: #CF3E00;\n}\n\n.dp-faq-wrap .faq-accordian ul li section ul li::marker{\n  margin-right: 5px;\n}\n\n@media all and (max-width: 1250px) {\n  .faq-answer-video-wrap .faq-answer-video-inner .video-height{\n    height: 190px;\n    width: 100%;\n    max-width: 420px;\n  }\n}\n\n@media all and (max-width: 990px) {\n  .faq-answer-video-wrap .faq-answer-video-inner .video-height{\n    height: 140px;\n    width: 100%;\n    max-width: 420px;\n  }\n}\n\n@media all and (max-width: 768px) {\n  .faq-answer-video-wrap {\n    flex-direction: column;\n  }\n\n  .faq-answer-video-wrap .faq-answer-video-inner {\n    margin: 0;\n    margin-top: 15px;\n}\n\n  .faq-answer-video-wrap .faq-answer-video-inner .video-height {\n    max-width: none;\n    height: 210px;\n  }\n}\n\n.faq-arrow-reverse .acc-icon i {\n  transform: rotate(180deg);\n  -webkit-transform: rotate(180deg);\n  -moz-transform: rotate(180deg);\n  -ms-transform: rotate(180deg);\n  -o-transform: rotate(180deg);\n}\n\n<\/style>\n\n<div class=\"dp-faq-wrap\">\n  <div class=\"faq-accordian white\" role=\"region\" aria-labelledby=\"dp-accordian-our-fees\">\n    <ul class=\"accordian\" id=\"dp-accordian-our-fees\" role=\"list\">\n      <li class=\"accordian-open faq-arrow-reverse \"  role=\"listitem\" tabindex=\"0\">\n        <div role=\"heading\" aria-level=\"2\" class=\"accordian-head\" tabindex=\"-1\">Pourquoi les transferts instantan\u00e9s entra\u00eenent-ils des frais\u00a0?<span class=\"acc-icon\" aria-hidden=\"true\"><i class=\"fas fa-chevron-down\" aria-hidden=\"true\"><\/i><\/span><\/div>\n        <section aria-hidden=\"false\">\n          <p>Les transferts instantan\u00e9s n\u00e9cessitent l\u2019utilisation de processeurs de paiement en temps r\u00e9el (RTP). Ces processeurs facturent des frais li\u00e9s \u00e0 l\u2019utilisation de leurs services. Contrairement aux transferts du jour ouvrable suivant, qui sont trait\u00e9s par lots uniquement les jours ouvrables, les transferts RTP sont trait\u00e9s au cas par cas, instantan\u00e9ment, et ce 24 heures sur 24, 7 jours sur 7. Tout comme avec les livraisons express, vous payez pour un service premium qui s\u00e9pare votre demande du lot et l\u2019acc\u00e9l\u00e8re.<\/p>\n        <\/section>\n      <\/li>\n      <li class=\"accordian-open faq-arrow-reverse \"  role=\"listitem\" tabindex=\"0\">\n <div role=\"heading\" aria-level=\"2\" class=\"accordian-head\" tabindex=\"-1\">Comment calcule-t-on les frais de transfert instantan\u00e9\u00a0?<span class=\"acc-icon\" aria-hidden=\"true\"><i class=\"fas fa-chevron-down\" aria-hidden=\"true\"><\/i><\/span><\/div>\n  <section style=\"display: none;\" aria-hidden=\"true\">\n     <p>Les frais de transfert instantan\u00e9s sont fix\u00e9s par le contrat de votre employeur. Les transferts instantan\u00e9s co\u00fbtent toujours un montant forfaitaire au lieu d\u2019un pourcentage comme certains autres services. Quel que soit le montant transf\u00e9r\u00e9, vous payerez toujours les m\u00eames frais fixes par transfert instantan\u00e9.<\/p>\n  <\/section>\n<\/li>\n     <\/ul>\n  <\/div>\n<\/div>\n<!-- end DP FAQ's -->\t\t\t\t<\/div>\n\t\t\t\t<\/div>\n\t\t\t\t<\/div>\n\t\t\t\t\t<\/div>\n\t\t\t\t<\/div>\n\t\t<div class=\"elementor-element elementor-element-716593cc e-flex e-con-boxed e-con e-parent\" data-id=\"716593cc\" data-element_type=\"container\" data-e-type=\"container\" data-settings=\"{&quot;background_background&quot;:&quot;classic&quot;}\">\n\t\t\t\t\t<div class=\"e-con-inner\">\n\t\t\t\t<div class=\"elementor-element elementor-element-009c4ce elementor-widget elementor-widget-global elementor-global-334 elementor-widget-html\" data-id=\"009c4ce\" data-element_type=\"widget\" data-e-type=\"widget\" data-widget_type=\"html.default\">\n\t\t\t\t<div class=\"elementor-widget-container\">\n\t\t\t\t\t<div class=\"subfooter-wrap\">\n    <div class=\"subfooter-wrap-left\">\n        <img decoding=\"async\" data-aos=\"fade-up\" data-aos-offset=\"200\" data-aos-delay=\"50\" data-aos-duration=\"500\" src=\"\/wp-content\/uploads\/sites\/2\/2024\/08\/subfooter-mobile-mockup-fr-1.png\"> \n    <\/div>\n    <div class=\"subfooter-wrap-right\">\n        <h2 class=\"dp-font-40\">Pr\u00eat \u00e0 embrasser l\u2019avenir de la paie?<br> Commencez avec DailyPay.<\/h2>\n        <div class=\"subfooter-employer-employee-wrap\">\n            <div class=\"subfooter-employer-wrap\" data-aos=\"zoom-in\" data-aos-offset=\"200\" data-aos-delay=\"200\" data-aos-duration=\"500\">\n                <a href=\"\/fr-ca\/demo\/\">\n                <div class=\"subfooter-employer-wrap-img\">\n                    <img decoding=\"async\" src=\"\/wp-content\/uploads\/sites\/3\/2024\/06\/subfooter-employer-artwork.png\">\n                <\/div>\n                <p class=\"dp-font-18 f-weight-500\" style=\"font-weight: 600 !important\">Je suis un employeur<\/p>\n                <p class=\"mb0 f-weight-400\">Je veux parler \u00e0 un sp\u00e9cialiste et r\u00e9server une d\u00e9mo.<\/p>\n                <\/a>\n            <\/div>\n            <div class=\"subfooter-employer-wrap subfooter-employee-wrap\" data-aos=\"zoom-in\" data-aos-offset=\"200\" data-aos-delay=\"200\" data-aos-duration=\"500\">\n                <!--<p data-aos=\"zoom-in\" data-aos-offset=\"200\" data-aos-delay=\"650\" data-aos-duration=\"1200\" class=\"coming-soon-badge f-weight-600\">[dptext key=\"comingSoon\" post_id=362]<\/p>-->\n                <a href=\"\/fr-ca\/employee-overview\/\">\n                <div class=\"subfooter-employer-wrap-img\">\n                    <img decoding=\"async\" src=\"\/wp-content\/uploads\/sites\/3\/2024\/06\/subfooter-employee-artwork.png\">\n                <\/div>\n                <p class=\"dp-font-18 f-weight-500\" style=\"font-weight: 600 !important\">Je suis un employ\u00e9<\/p>\n                <p class=\"mb0 f-weight-400\">Mon entreprise propose DailyPay \u2013 J\u2019aimerais en savoir plus.<\/p>\n                <\/a>\n            <\/div>\n        <\/div>\n    <\/div>\n<\/div>\n\n\n\t\t\t\t<\/div>\n\t\t\t\t<\/div>\n\t\t\t\t\t<\/div>\n\t\t\t\t<\/div>\n\t\t\t\t<\/div>\n\t\t","protected":false},"excerpt":{"rendered":"<p>Prix clairs et transparents * * * Vous avez demand\u00e9. Nous avons r\u00e9pondu. Pourquoi les transferts instantan\u00e9s entra\u00eenent-ils des frais\u00a0? Les transferts instantan\u00e9s n\u00e9cessitent l\u2019utilisation de processeurs de paiement en temps r\u00e9el (RTP). Ces processeurs facturent des frais li\u00e9s \u00e0 l\u2019utilisation de leurs services. Contrairement aux transferts du jour ouvrable suivant, qui sont trait\u00e9s par <a href=\"https:\/\/dailypay.ca\/fr-ca\/our-fees\/\" class=\"more-link\">&#8230;<span class=\"screen-reader-text\">  Our Fees<\/span><\/a><\/p>\n","protected":false},"author":3,"featured_media":0,"parent":0,"menu_order":0,"comment_status":"closed","ping_status":"closed","template":"","meta":{"inline_featured_image":false,"footnotes":""},"class_list":["post-201","page","type-page","status-publish","hentry"],"yoast_head":"<!-- This site is optimized with the Yoast SEO Premium plugin v26.9 (Yoast SEO v26.9) - https:\/\/yoast.com\/product\/yoast-seo-premium-wordpress\/ -->\n<title>Prix clairs et transparents - DP Canada FR<\/title>\n<meta name=\"robots\" content=\"index, follow, max-snippet:-1, max-image-preview:large, max-video-preview:-1\" \/>\n<link rel=\"canonical\" href=\"https:\/\/dailypay.ca\/fr-ca\/our-fees\/\" \/>\n<meta property=\"og:locale\" content=\"en_US\" \/>\n<meta property=\"og:type\" content=\"article\" \/>\n<meta property=\"og:title\" content=\"Our Fees\" \/>\n<meta property=\"og:description\" content=\"Prix clairs et transparents * * * Vous avez demand\u00e9. Nous avons r\u00e9pondu. Pourquoi les transferts instantan\u00e9s entra\u00eenent-ils des frais\u00a0? Les transferts instantan\u00e9s n\u00e9cessitent l\u2019utilisation de processeurs de paiement en temps r\u00e9el (RTP). Ces processeurs facturent des frais li\u00e9s \u00e0 l\u2019utilisation de leurs services. Contrairement aux transferts du jour ouvrable suivant, qui sont trait\u00e9s par ... Our Fees\" \/>\n<meta property=\"og:url\" content=\"https:\/\/dailypay.ca\/fr-ca\/our-fees\/\" \/>\n<meta property=\"og:site_name\" content=\"DP Canada FR\" \/>\n<meta property=\"article:modified_time\" content=\"2024-09-13T13:29:30+00:00\" \/>\n<meta property=\"og:image\" content=\"https:\/\/dailypay.ca\/fr-ca\/wp-content\/uploads\/sites\/2\/2024\/08\/dailypay-employee-fr.png\" \/>\n\t<meta property=\"og:image:width\" content=\"1200\" \/>\n\t<meta property=\"og:image:height\" content=\"630\" \/>\n\t<meta property=\"og:image:type\" content=\"image\/png\" \/>\n<meta name=\"twitter:card\" content=\"summary_large_image\" \/>\n<meta name=\"twitter:label1\" content=\"Est. reading time\" \/>\n\t<meta name=\"twitter:data1\" content=\"2 minutes\" \/>\n<script type=\"application\/ld+json\" class=\"yoast-schema-graph\">{\"@context\":\"https:\/\/schema.org\",\"@graph\":[{\"@type\":\"WebPage\",\"@id\":\"https:\/\/dailypay.ca\/fr-ca\/our-fees\/\",\"url\":\"https:\/\/dailypay.ca\/fr-ca\/our-fees\/\",\"name\":\"Prix clairs et transparents - DP Canada FR\",\"isPartOf\":{\"@id\":\"https:\/\/dailypay.ca\/fr-ca\/#website\"},\"datePublished\":\"2024-06-18T13:50:49+00:00\",\"dateModified\":\"2024-09-13T13:29:30+00:00\",\"breadcrumb\":{\"@id\":\"https:\/\/dailypay.ca\/fr-ca\/our-fees\/#breadcrumb\"},\"inLanguage\":\"en-US\",\"potentialAction\":[{\"@type\":\"ReadAction\",\"target\":[\"https:\/\/dailypay.ca\/fr-ca\/our-fees\/\"]}]},{\"@type\":\"BreadcrumbList\",\"@id\":\"https:\/\/dailypay.ca\/fr-ca\/our-fees\/#breadcrumb\",\"itemListElement\":[{\"@type\":\"ListItem\",\"position\":1,\"name\":\"Home\",\"item\":\"https:\/\/dailypay.ca\/fr-ca\/\"},{\"@type\":\"ListItem\",\"position\":2,\"name\":\"Our Fees\"}]},{\"@type\":\"WebSite\",\"@id\":\"https:\/\/dailypay.ca\/fr-ca\/#website\",\"url\":\"https:\/\/dailypay.ca\/fr-ca\/\",\"name\":\"DP Canada FR\",\"description\":\"Le fruit de votre travail au quotidien\",\"publisher\":{\"@id\":\"https:\/\/dailypay.ca\/fr-ca\/#organization\"},\"alternateName\":\"DailyPay\",\"potentialAction\":[{\"@type\":\"SearchAction\",\"target\":{\"@type\":\"EntryPoint\",\"urlTemplate\":\"https:\/\/dailypay.ca\/fr-ca\/?s={search_term_string}\"},\"query-input\":{\"@type\":\"PropertyValueSpecification\",\"valueRequired\":true,\"valueName\":\"search_term_string\"}}],\"inLanguage\":\"en-US\"},{\"@type\":\"Organization\",\"@id\":\"https:\/\/dailypay.ca\/fr-ca\/#organization\",\"name\":\"DailyPay\",\"alternateName\":\"DP\",\"url\":\"https:\/\/dailypay.ca\/fr-ca\/\",\"logo\":{\"@type\":\"ImageObject\",\"inLanguage\":\"en-US\",\"@id\":\"https:\/\/dailypay.ca\/fr-ca\/#\/schema\/logo\/image\/\",\"url\":\"https:\/\/dailypay.ca\/fr-ca\/wp-content\/uploads\/sites\/2\/2024\/06\/dailypay-logo.svg\",\"contentUrl\":\"https:\/\/dailypay.ca\/fr-ca\/wp-content\/uploads\/sites\/2\/2024\/06\/dailypay-logo.svg\",\"width\":157,\"height\":39,\"caption\":\"DailyPay\"},\"image\":{\"@id\":\"https:\/\/dailypay.ca\/fr-ca\/#\/schema\/logo\/image\/\"}}]}<\/script>\n<!-- \/ Yoast SEO Premium plugin. -->","yoast_head_json":{"title":"Prix clairs et transparents - DP Canada FR","robots":{"index":"index","follow":"follow","max-snippet":"max-snippet:-1","max-image-preview":"max-image-preview:large","max-video-preview":"max-video-preview:-1"},"canonical":"https:\/\/dailypay.ca\/fr-ca\/our-fees\/","og_locale":"en_US","og_type":"article","og_title":"Our Fees","og_description":"Prix clairs et transparents * * * Vous avez demand\u00e9. Nous avons r\u00e9pondu. Pourquoi les transferts instantan\u00e9s entra\u00eenent-ils des frais\u00a0? Les transferts instantan\u00e9s n\u00e9cessitent l\u2019utilisation de processeurs de paiement en temps r\u00e9el (RTP). Ces processeurs facturent des frais li\u00e9s \u00e0 l\u2019utilisation de leurs services. Contrairement aux transferts du jour ouvrable suivant, qui sont trait\u00e9s par ... Our Fees","og_url":"https:\/\/dailypay.ca\/fr-ca\/our-fees\/","og_site_name":"DP Canada FR","article_modified_time":"2024-09-13T13:29:30+00:00","og_image":[{"width":1200,"height":630,"url":"https:\/\/dailypay.ca\/fr-ca\/wp-content\/uploads\/sites\/2\/2024\/08\/dailypay-employee-fr.png","type":"image\/png"}],"twitter_card":"summary_large_image","twitter_misc":{"Est. reading time":"2 minutes"},"schema":{"@context":"https:\/\/schema.org","@graph":[{"@type":"WebPage","@id":"https:\/\/dailypay.ca\/fr-ca\/our-fees\/","url":"https:\/\/dailypay.ca\/fr-ca\/our-fees\/","name":"Prix clairs et transparents - DP Canada FR","isPartOf":{"@id":"https:\/\/dailypay.ca\/fr-ca\/#website"},"datePublished":"2024-06-18T13:50:49+00:00","dateModified":"2024-09-13T13:29:30+00:00","breadcrumb":{"@id":"https:\/\/dailypay.ca\/fr-ca\/our-fees\/#breadcrumb"},"inLanguage":"en-US","potentialAction":[{"@type":"ReadAction","target":["https:\/\/dailypay.ca\/fr-ca\/our-fees\/"]}]},{"@type":"BreadcrumbList","@id":"https:\/\/dailypay.ca\/fr-ca\/our-fees\/#breadcrumb","itemListElement":[{"@type":"ListItem","position":1,"name":"Home","item":"https:\/\/dailypay.ca\/fr-ca\/"},{"@type":"ListItem","position":2,"name":"Our Fees"}]},{"@type":"WebSite","@id":"https:\/\/dailypay.ca\/fr-ca\/#website","url":"https:\/\/dailypay.ca\/fr-ca\/","name":"DP Canada FR","description":"Le fruit de votre travail au quotidien","publisher":{"@id":"https:\/\/dailypay.ca\/fr-ca\/#organization"},"alternateName":"DailyPay","potentialAction":[{"@type":"SearchAction","target":{"@type":"EntryPoint","urlTemplate":"https:\/\/dailypay.ca\/fr-ca\/?s={search_term_string}"},"query-input":{"@type":"PropertyValueSpecification","valueRequired":true,"valueName":"search_term_string"}}],"inLanguage":"en-US"},{"@type":"Organization","@id":"https:\/\/dailypay.ca\/fr-ca\/#organization","name":"DailyPay","alternateName":"DP","url":"https:\/\/dailypay.ca\/fr-ca\/","logo":{"@type":"ImageObject","inLanguage":"en-US","@id":"https:\/\/dailypay.ca\/fr-ca\/#\/schema\/logo\/image\/","url":"https:\/\/dailypay.ca\/fr-ca\/wp-content\/uploads\/sites\/2\/2024\/06\/dailypay-logo.svg","contentUrl":"https:\/\/dailypay.ca\/fr-ca\/wp-content\/uploads\/sites\/2\/2024\/06\/dailypay-logo.svg","width":157,"height":39,"caption":"DailyPay"},"image":{"@id":"https:\/\/dailypay.ca\/fr-ca\/#\/schema\/logo\/image\/"}}]}},"_links":{"self":[{"href":"https:\/\/dailypay.ca\/fr-ca\/wp-json\/wp\/v2\/pages\/201","targetHints":{"allow":["GET"]}}],"collection":[{"href":"https:\/\/dailypay.ca\/fr-ca\/wp-json\/wp\/v2\/pages"}],"about":[{"href":"https:\/\/dailypay.ca\/fr-ca\/wp-json\/wp\/v2\/types\/page"}],"author":[{"embeddable":true,"href":"https:\/\/dailypay.ca\/fr-ca\/wp-json\/wp\/v2\/users\/3"}],"replies":[{"embeddable":true,"href":"https:\/\/dailypay.ca\/fr-ca\/wp-json\/wp\/v2\/comments?post=201"}],"version-history":[{"count":0,"href":"https:\/\/dailypay.ca\/fr-ca\/wp-json\/wp\/v2\/pages\/201\/revisions"}],"wp:attachment":[{"href":"https:\/\/dailypay.ca\/fr-ca\/wp-json\/wp\/v2\/media?parent=201"}],"curies":[{"name":"wp","href":"https:\/\/api.w.org\/{rel}","templated":true}]}}