{"id":232,"date":"2024-06-20T14:00:20","date_gmt":"2024-06-20T14:00:20","guid":{"rendered":"https:\/\/dailypay.ca\/en-ca\/?page_id=232"},"modified":"2024-09-13T13:24:58","modified_gmt":"2024-09-13T13:24:58","slug":"contact","status":"publish","type":"page","link":"https:\/\/dailypay.ca\/fr-ca\/contact\/","title":{"rendered":"Contact"},"content":{"rendered":"\t\t<div data-elementor-type=\"wp-page\" data-elementor-id=\"232\" class=\"elementor elementor-232\" data-elementor-post-type=\"page\">\n\t\t\t\t<div class=\"elementor-element elementor-element-11da5ba e-flex e-con-boxed e-con e-parent\" data-id=\"11da5ba\" data-element_type=\"container\" data-e-type=\"container\">\n\t\t\t\t\t<div class=\"e-con-inner\">\n\t\t\t\t<div class=\"elementor-element elementor-element-fb5768e elementor-widget elementor-widget-ucaddon_dp_heading_text\" data-id=\"fb5768e\" data-element_type=\"widget\" data-e-type=\"widget\" data-widget_type=\"ucaddon_dp_heading_text.default\">\n\t\t\t\t<div class=\"elementor-widget-container\">\n\t\t\t\t\t\n<!-- start DP Heading Text -->\n<style>\/* widget: DP Heading Text *\/\n\nh1 span, h2 span, h3 span, h4 span, h5 span, h6 span {\n  font-family: var(--primary-font) !important;\n}\n\n<\/style>\n\n<h1 class=\"dp-font-50 navy-text dp-font-primary f-weight-300 text-center dp-mb24 mt0\" style=\"max-width: 600px;margin: auto;\">Communiquez avec nous<\/h1>\n<!-- end DP Heading Text -->\t\t\t\t<\/div>\n\t\t\t\t<\/div>\n\t\t\t\t<div class=\"elementor-element elementor-element-59629fe elementor-widget elementor-widget-ucaddon_dp_text\" data-id=\"59629fe\" data-element_type=\"widget\" data-e-type=\"widget\" data-widget_type=\"ucaddon_dp_text.default\">\n\t\t\t\t<div class=\"elementor-widget-container\">\n\t\t\t\t\t\n<!-- start DP Text -->\n<style>\/* widget: DP Text *\/\n\nh1 span, h2 span, h3 span, h4 span, h5 span, h6 span {\n  font-family: var(--primary-font) !important;\n}\n\n<\/style>\n\n<p class=\"dp-font-16 navy-text dp-font-secondary f-weight-300 text-center dp-mb16 mt0\" style=\"max-width: nonepx;margin: auto;\">Pour toute question sur la r\u00e9mun\u00e9ration \u00e0 la demande, assistance technique ou demande de presse, communiquez avec nous.<\/p>\n<!-- end DP Text -->\t\t\t\t<\/div>\n\t\t\t\t<\/div>\n\t\t\t\t\t<\/div>\n\t\t\t\t<\/div>\n\t\t<div class=\"elementor-element elementor-element-6cc8aec e-flex e-con-boxed e-con e-parent\" data-id=\"6cc8aec\" data-element_type=\"container\" data-e-type=\"container\">\n\t\t\t\t\t<div class=\"e-con-inner\">\n\t\t\t\t<div class=\"elementor-element elementor-element-283658a elementor-widget elementor-widget-html\" data-id=\"283658a\" data-element_type=\"widget\" data-e-type=\"widget\" data-widget_type=\"html.default\">\n\t\t\t\t<div class=\"elementor-widget-container\">\n\t\t\t\t\t<style>\n  #ada-button-frame {\n    display: none !important;\n  }\n<\/style>\n<div class=\"contact-boxes-wrap-outer\">\n  <div class=\"contact-boxes-wrap pink-contact-box\">\n    <div class=\"contact-boxes-wrap-artwork\">\n      <img decoding=\"async\" src=\"\/wp-content\/uploads\/sites\/3\/2024\/06\/contact-employers.svg\">\n    <\/div>\n    <h3>Employeurs<\/h3>\n    <p>\u00cates-vous un employeur d\u00e9sireux de mettre en place un service de r\u00e9mun\u00e9ration \u00e0 la demande?<\/p>\n    <p class=\"mb0 contact-btn-wrap\" style=\"flex-grow: inherit;\"><a href=\"\/fr-ca\/demo\/\" class=\"contact-btn contact-employers\">Planifier une d\u00e9mo<\/a><\/p>\n    \n  <\/div>\n  <div class=\"contact-boxes-wrap blue-contact-box\">\n    <div class=\"contact-boxes-wrap-artwork\">\n      <img decoding=\"async\" src=\"\/wp-content\/uploads\/sites\/3\/2024\/06\/contact-employees.svg\">\n    <\/div>\n    <h3>Employ\u00e9s<\/h3>\n    <p style=\"max-width: 290px\">Nous sommes l\u00e0 pour vous 24\u00a0heures sur\u00a024, 7\u00a0jours sur\u00a07, 365\u00a0jours par ann\u00e9e. Appelez-nous sans frais au (866) 970-7948.<\/p>\n    <!--<p class=\"mb0 contact-btn-wrap\" style=\"flex-grow: inherit;\"><a target=\"_blank\" href=\"https:\/\/help.dailypay.com\/\" class=\"contact-btn contact-employees\">Go to Help Center<\/a><\/p>-->\n    <p class=\"mb0 contact-btn-wrap\" style=\"flex-grow: inherit;\"><a style=\"cursor: pointer\" onclick=\"window.adaEmbed.toggle()\" class=\"contact-btn contact-employees\">Aide par clavardage<\/a><\/p>\n    <!--<p class=\"mb0 dp-mt16\" style=\"flex-grow: inherit;\"><a style=\"color: #0B349D\" target=\"_blank\" href=\"mailto:support@dailypay.com\" class=\"f-weight-600\">support@dailypay.com<\/a><\/p>-->\n  <\/div>\n<\/div>\n<script\n  id=\"__ada\"\n  data-handle=\"dailypay\"\n  src=\"https:\/\/static.ada.support\/embed2.js\"\n><\/script>\t\t\t\t<\/div>\n\t\t\t\t<\/div>\n\t\t\t\t\t<\/div>\n\t\t\t\t<\/div>\n\t\t<div class=\"elementor-element elementor-element-0a39dfa e-flex e-con-boxed e-con e-parent\" data-id=\"0a39dfa\" data-element_type=\"container\" data-e-type=\"container\">\n\t\t\t\t\t<div class=\"e-con-inner\">\n\t\t\t\t<div class=\"elementor-element elementor-element-3ef2e67 elementor-widget elementor-widget-html\" data-id=\"3ef2e67\" data-element_type=\"widget\" data-e-type=\"widget\" data-widget_type=\"html.default\">\n\t\t\t\t<div class=\"elementor-widget-container\">\n\t\t\t\t\t<div class=\"contact-media-inquiry-wrap\">\n  <div class=\"email-contact-wrap\">\n      <div class=\"contact-media-wrap\">\n        <p class=\"dp-font-20\" role=\"heading\" aria-level=\"2\"><b>M\u00e9dias<\/b><\/p>\n        <hr>\n        <p class=\"contact-media-wrap-desc\">Notre \u00e9quipe est pr\u00eate \u00e0 travailler avec les organes de presse pour partager des histoires percutantes.<\/p>\n        <p class=\"contact-media-wrap-desc mb0 dp-mt16\">Communiquez directement avec nos experts en m\u00e9dias \u00e0 l\u2019adresse suivante\u00a0: <a class=\"inline-text-links\" href=\"mailto:press@dailypay.com\" style=\"font-size: 14px;line-height: 20px;color: #0b349d;\">press@dailypay.com<\/a><\/p>\n      <\/div>\n    <\/div>\n<\/div>\t\t\t\t<\/div>\n\t\t\t\t<\/div>\n\t\t\t\t\t<\/div>\n\t\t\t\t<\/div>\n\t\t\t\t<\/div>\n\t\t","protected":false},"excerpt":{"rendered":"<p>Communiquez avec nous Pour toute question sur la r\u00e9mun\u00e9ration \u00e0 la demande, assistance technique ou demande de presse, communiquez avec nous. press@dailypay.com<\/p>\n","protected":false},"author":3,"featured_media":0,"parent":0,"menu_order":0,"comment_status":"closed","ping_status":"closed","template":"","meta":{"inline_featured_image":false,"footnotes":""},"class_list":["post-232","page","type-page","status-publish","hentry"],"yoast_head":"<!-- This site is optimized with the Yoast SEO Premium plugin v26.9 (Yoast SEO v26.9) - https:\/\/yoast.com\/product\/yoast-seo-premium-wordpress\/ -->\n<title>Communiquez avec nous - DP Canada FR<\/title>\n<meta name=\"robots\" content=\"index, follow, max-snippet:-1, max-image-preview:large, max-video-preview:-1\" \/>\n<link rel=\"canonical\" href=\"https:\/\/dailypay.ca\/fr-ca\/contact\/\" \/>\n<meta property=\"og:locale\" content=\"en_US\" \/>\n<meta property=\"og:type\" content=\"article\" \/>\n<meta property=\"og:title\" content=\"Contact\" \/>\n<meta property=\"og:description\" content=\"Communiquez avec nous Pour toute question sur la r\u00e9mun\u00e9ration \u00e0 la demande, assistance technique ou demande de presse, communiquez avec nous. press@dailypay.com\" \/>\n<meta property=\"og:url\" content=\"https:\/\/dailypay.ca\/fr-ca\/contact\/\" \/>\n<meta property=\"og:site_name\" content=\"DP Canada FR\" \/>\n<meta property=\"article:modified_time\" content=\"2024-09-13T13:24:58+00:00\" \/>\n<meta property=\"og:image\" content=\"https:\/\/dailypay.ca\/fr-ca\/wp-content\/uploads\/sites\/2\/2024\/08\/dailypay-employee-fr.png\" \/>\n\t<meta property=\"og:image:width\" content=\"1200\" \/>\n\t<meta property=\"og:image:height\" content=\"630\" \/>\n\t<meta property=\"og:image:type\" content=\"image\/png\" \/>\n<meta name=\"twitter:card\" content=\"summary_large_image\" \/>\n<meta name=\"twitter:label1\" content=\"Est. reading time\" \/>\n\t<meta name=\"twitter:data1\" content=\"1 minute\" \/>\n<script type=\"application\/ld+json\" class=\"yoast-schema-graph\">{\"@context\":\"https:\/\/schema.org\",\"@graph\":[{\"@type\":\"WebPage\",\"@id\":\"https:\/\/dailypay.ca\/fr-ca\/contact\/\",\"url\":\"https:\/\/dailypay.ca\/fr-ca\/contact\/\",\"name\":\"Communiquez avec nous - DP Canada FR\",\"isPartOf\":{\"@id\":\"https:\/\/dailypay.ca\/fr-ca\/#website\"},\"datePublished\":\"2024-06-20T14:00:20+00:00\",\"dateModified\":\"2024-09-13T13:24:58+00:00\",\"breadcrumb\":{\"@id\":\"https:\/\/dailypay.ca\/fr-ca\/contact\/#breadcrumb\"},\"inLanguage\":\"en-US\",\"potentialAction\":[{\"@type\":\"ReadAction\",\"target\":[\"https:\/\/dailypay.ca\/fr-ca\/contact\/\"]}]},{\"@type\":\"BreadcrumbList\",\"@id\":\"https:\/\/dailypay.ca\/fr-ca\/contact\/#breadcrumb\",\"itemListElement\":[{\"@type\":\"ListItem\",\"position\":1,\"name\":\"Home\",\"item\":\"https:\/\/dailypay.ca\/fr-ca\/\"},{\"@type\":\"ListItem\",\"position\":2,\"name\":\"Contact\"}]},{\"@type\":\"WebSite\",\"@id\":\"https:\/\/dailypay.ca\/fr-ca\/#website\",\"url\":\"https:\/\/dailypay.ca\/fr-ca\/\",\"name\":\"DP Canada FR\",\"description\":\"Le fruit de votre travail au quotidien\",\"publisher\":{\"@id\":\"https:\/\/dailypay.ca\/fr-ca\/#organization\"},\"alternateName\":\"DailyPay\",\"potentialAction\":[{\"@type\":\"SearchAction\",\"target\":{\"@type\":\"EntryPoint\",\"urlTemplate\":\"https:\/\/dailypay.ca\/fr-ca\/?s={search_term_string}\"},\"query-input\":{\"@type\":\"PropertyValueSpecification\",\"valueRequired\":true,\"valueName\":\"search_term_string\"}}],\"inLanguage\":\"en-US\"},{\"@type\":\"Organization\",\"@id\":\"https:\/\/dailypay.ca\/fr-ca\/#organization\",\"name\":\"DailyPay\",\"alternateName\":\"DP\",\"url\":\"https:\/\/dailypay.ca\/fr-ca\/\",\"logo\":{\"@type\":\"ImageObject\",\"inLanguage\":\"en-US\",\"@id\":\"https:\/\/dailypay.ca\/fr-ca\/#\/schema\/logo\/image\/\",\"url\":\"https:\/\/dailypay.ca\/fr-ca\/wp-content\/uploads\/sites\/2\/2024\/06\/dailypay-logo.svg\",\"contentUrl\":\"https:\/\/dailypay.ca\/fr-ca\/wp-content\/uploads\/sites\/2\/2024\/06\/dailypay-logo.svg\",\"width\":157,\"height\":39,\"caption\":\"DailyPay\"},\"image\":{\"@id\":\"https:\/\/dailypay.ca\/fr-ca\/#\/schema\/logo\/image\/\"}}]}<\/script>\n<!-- \/ Yoast SEO Premium plugin. -->","yoast_head_json":{"title":"Communiquez avec nous - DP Canada FR","robots":{"index":"index","follow":"follow","max-snippet":"max-snippet:-1","max-image-preview":"max-image-preview:large","max-video-preview":"max-video-preview:-1"},"canonical":"https:\/\/dailypay.ca\/fr-ca\/contact\/","og_locale":"en_US","og_type":"article","og_title":"Contact","og_description":"Communiquez avec nous Pour toute question sur la r\u00e9mun\u00e9ration \u00e0 la demande, assistance technique ou demande de presse, communiquez avec nous. press@dailypay.com","og_url":"https:\/\/dailypay.ca\/fr-ca\/contact\/","og_site_name":"DP Canada FR","article_modified_time":"2024-09-13T13:24:58+00:00","og_image":[{"width":1200,"height":630,"url":"https:\/\/dailypay.ca\/fr-ca\/wp-content\/uploads\/sites\/2\/2024\/08\/dailypay-employee-fr.png","type":"image\/png"}],"twitter_card":"summary_large_image","twitter_misc":{"Est. reading time":"1 minute"},"schema":{"@context":"https:\/\/schema.org","@graph":[{"@type":"WebPage","@id":"https:\/\/dailypay.ca\/fr-ca\/contact\/","url":"https:\/\/dailypay.ca\/fr-ca\/contact\/","name":"Communiquez avec nous - DP Canada FR","isPartOf":{"@id":"https:\/\/dailypay.ca\/fr-ca\/#website"},"datePublished":"2024-06-20T14:00:20+00:00","dateModified":"2024-09-13T13:24:58+00:00","breadcrumb":{"@id":"https:\/\/dailypay.ca\/fr-ca\/contact\/#breadcrumb"},"inLanguage":"en-US","potentialAction":[{"@type":"ReadAction","target":["https:\/\/dailypay.ca\/fr-ca\/contact\/"]}]},{"@type":"BreadcrumbList","@id":"https:\/\/dailypay.ca\/fr-ca\/contact\/#breadcrumb","itemListElement":[{"@type":"ListItem","position":1,"name":"Home","item":"https:\/\/dailypay.ca\/fr-ca\/"},{"@type":"ListItem","position":2,"name":"Contact"}]},{"@type":"WebSite","@id":"https:\/\/dailypay.ca\/fr-ca\/#website","url":"https:\/\/dailypay.ca\/fr-ca\/","name":"DP Canada FR","description":"Le fruit de votre travail au quotidien","publisher":{"@id":"https:\/\/dailypay.ca\/fr-ca\/#organization"},"alternateName":"DailyPay","potentialAction":[{"@type":"SearchAction","target":{"@type":"EntryPoint","urlTemplate":"https:\/\/dailypay.ca\/fr-ca\/?s={search_term_string}"},"query-input":{"@type":"PropertyValueSpecification","valueRequired":true,"valueName":"search_term_string"}}],"inLanguage":"en-US"},{"@type":"Organization","@id":"https:\/\/dailypay.ca\/fr-ca\/#organization","name":"DailyPay","alternateName":"DP","url":"https:\/\/dailypay.ca\/fr-ca\/","logo":{"@type":"ImageObject","inLanguage":"en-US","@id":"https:\/\/dailypay.ca\/fr-ca\/#\/schema\/logo\/image\/","url":"https:\/\/dailypay.ca\/fr-ca\/wp-content\/uploads\/sites\/2\/2024\/06\/dailypay-logo.svg","contentUrl":"https:\/\/dailypay.ca\/fr-ca\/wp-content\/uploads\/sites\/2\/2024\/06\/dailypay-logo.svg","width":157,"height":39,"caption":"DailyPay"},"image":{"@id":"https:\/\/dailypay.ca\/fr-ca\/#\/schema\/logo\/image\/"}}]}},"_links":{"self":[{"href":"https:\/\/dailypay.ca\/fr-ca\/wp-json\/wp\/v2\/pages\/232","targetHints":{"allow":["GET"]}}],"collection":[{"href":"https:\/\/dailypay.ca\/fr-ca\/wp-json\/wp\/v2\/pages"}],"about":[{"href":"https:\/\/dailypay.ca\/fr-ca\/wp-json\/wp\/v2\/types\/page"}],"author":[{"embeddable":true,"href":"https:\/\/dailypay.ca\/fr-ca\/wp-json\/wp\/v2\/users\/3"}],"replies":[{"embeddable":true,"href":"https:\/\/dailypay.ca\/fr-ca\/wp-json\/wp\/v2\/comments?post=232"}],"version-history":[{"count":0,"href":"https:\/\/dailypay.ca\/fr-ca\/wp-json\/wp\/v2\/pages\/232\/revisions"}],"wp:attachment":[{"href":"https:\/\/dailypay.ca\/fr-ca\/wp-json\/wp\/v2\/media?parent=232"}],"curies":[{"name":"wp","href":"https:\/\/api.w.org\/{rel}","templated":true}]}}