{"id":270,"date":"2024-06-20T18:26:42","date_gmt":"2024-06-20T18:26:42","guid":{"rendered":"https:\/\/dailypay.ca\/en-ca\/?page_id=270"},"modified":"2024-10-29T14:34:49","modified_gmt":"2024-10-29T14:34:49","slug":"demo","status":"publish","type":"page","link":"https:\/\/dailypay.ca\/fr-ca\/demo\/","title":{"rendered":"Demo"},"content":{"rendered":"\t\t<div data-elementor-type=\"wp-page\" data-elementor-id=\"270\" class=\"elementor elementor-270\" data-elementor-post-type=\"page\">\n\t\t\t\t<div class=\"elementor-element elementor-element-c0acfd5 e-flex e-con-boxed e-con e-parent\" data-id=\"c0acfd5\" data-element_type=\"container\" data-e-type=\"container\" data-settings=\"{&quot;background_background&quot;:&quot;classic&quot;}\">\n\t\t\t\t\t<div class=\"e-con-inner\">\n\t\t\t\t<div class=\"elementor-element elementor-element-11f4c21 elementor-widget elementor-widget-html\" data-id=\"11f4c21\" data-element_type=\"widget\" data-e-type=\"widget\" data-widget_type=\"html.default\">\n\t\t\t\t<div class=\"elementor-widget-container\">\n\t\t\t\t\t<link rel='stylesheet' href='\/wp-content\/themes\/cadp\/css\/dp-global.css?ver=1.0.0' type='text\/css' media='all' \/>\n<div class=\"demo-container-wrap\">\n  <div class=\"demo-container-wrap-inner\">\n   <div class=\"demo-container-wrap-text\">\n    <div class=\"demo-container-wrap-text-cont\">\n        <h1 class=\"dp-font-40 max-500 margin-disable mt0\">La solution DailyPay\u00a0: jugez-en par vous-m\u00eame.<\/h1>\n        <p class=\"dp-font-18 demo-desc-text\">Donnez \u00e0 vos employ\u00e9s ce qu\u2019ils demandent avec DailyPay.<\/p>\n        <div style=\"display: flex;position:relative;flex-direction: column;\">\n          <p class=\"demo-stats-number-text max-500 margin-disable mt0 dp-mb24 f-weight-600\"><span class=\"demo-stats-perc-number\">67%<\/span> <span>des utilisateurs disent que DailyPay les a aid\u00e9s \u00e0 r\u00e9duire le stress financier. <sup>1<\/sup><\/span>\n          <\/p>\n          <img decoding=\"async\" class=\"demo-unified-sun\" src=\"\/wp-content\/uploads\/sites\/3\/2024\/06\/demo-unified-sun.png\">\n        <\/div>\n        \n      <\/div>\n    <div class=\"demo-page-imgs-cont\">\n     <!--<div class=\"demo-page-img-1\">-->\n     <!-- <img decoding=\"async\" src=\"\/wp-content\/uploads\/demo-page-artwork.png?width=300?quality=100?sharpen=false?auto_optimize=high\">-->\n     <!--<\/div>-->\n     <div class=\"demo-page-img-2\">\n          <img decoding=\"async\" src=\"\/wp-content\/uploads\/sites\/2\/2024\/08\/demo-img-mockup-fr.png\">\n        <\/div>\n    <\/div>\n    <p class=\"mt20 mb0\" style=\"font-size: 14px;line-height: 14px;color: #9799A0\"><sup style=\"position: relative; top: 2x;\">1<\/sup> Novembre 2022, enqu\u00eate aupr\u00e8s des utilisateurs de DailyPay<\/p>\n   <\/div>\n   <div class=\"demo-container-wrap-form\">\n    <div class=\"demo-container-wrap-form-inner\" id=\"demo-title-wrap\">\n     <div class=\"demo-container-wrap-form-text-wrap\" id=\"demo-container-wrap-form-text-wrap\">\n      <p class=\"dp-font-20 f-weight-600 dp-mb16\">Une d\u00e9mo personnalis\u00e9e pour r\u00e9pondre aux besoins de votre entreprise <\/p>\n      <p>\u00c0 quoi s\u2019attendre dans une d\u00e9mo personnalis\u00e9e\u00a0:<\/p>\n      <div class=\"max-600\" style=\"display: flex;\">\n       <p class=\" mb0 mr20\"><i class=\"fas fa-check orange-text f13\"><\/i><\/p>\n       <p class=\"mb0 max-400 margin-disable mt0\">D\u00e9couvrez comment DailyPay peut am\u00e9liorer la r\u00e9tention des employ\u00e9s, leur productivit\u00e9 et bien plus encore.<\/p>\n      <\/div>\n      <div class=\"max-600 dp-mt8\" style=\"display: flex;\">\n       <p class=\" mb0 mr20\"><i class=\"fas fa-check orange-text f13\"><\/i><\/p>\n       <p class=\"mb0\">Obtenez des r\u00e9ponses individuelles \u00e0 tes questions sur la paie \u00e0 la demande.<\/p>\n      <\/div>\n     <\/div>\n     <div class=\"dp-marketo-form-normal dp-marketo-demo\">\n      <!--<form id=\"mktoForm_1194\" class=\"dp-marketo-form-wrap dp-mt32\">-->\n      <form id=\"mktoForm_1206\" class=\"dp-marketo-form-wrap dp-mt32\">\n      <\/form>\n      <script>\n    \/\/   MktoForms2.loadForm(\"https:\/\/lp.dailypay.com\", \"685-PYJ-522\", 1194, function(form) {\n       MktoForms2.loadForm(\"https:\/\/lp.dailypay.com\", \"685-PYJ-522\", 1206, function(form) {\n    form.onSuccess(function(values, followUpUrl) {\n        var formId = form.getId();\n        window.dataLayer = window.dataLayer || [];\n        dataLayer.push({\n            'event': 'Form Submission',\n            'form_audience': 'B2B',\n            'form_category': formId,\n        });\n        form.getFormElem().hide();\n        document.getElementById('demo-container-wrap-form-text-wrap').style.display = 'none';\n        document.getElementById('thankyoumsg').style.display = 'block';\n        return false;\n    });\n});\n      <\/script>\n      <div id=\"thankyoumsg\" style=\"display:none;\">\n       <p class=\"dp-font-20 f-weight-600 dp-mb16\">Merci pour votre soumission<\/p>\n       <p style=\"font-weight: 600\">Nous reviendrons vers vous bient\u00f4t pour planifier votre d\u00e9mo.<\/p>\n       <p class=\"mb0\">Visitez notre <a href=\"\/\">Page d\u2019accueil<\/a> pour en savoir plus sur DailyPay et notre solution de paiement sur demande.<\/p>\n      <\/div>\n     <\/div>\n    <\/div>\n   <\/div>\n  <\/div>\n <\/div>\t\t\t\t<\/div>\n\t\t\t\t<\/div>\n\t\t\t\t\t<\/div>\n\t\t\t\t<\/div>\n\t\t<div class=\"elementor-element elementor-element-5dd31d4 e-flex e-con-boxed e-con e-parent\" data-id=\"5dd31d4\" data-element_type=\"container\" data-e-type=\"container\" data-settings=\"{&quot;background_background&quot;:&quot;classic&quot;}\">\n\t\t\t\t\t<div class=\"e-con-inner\">\n\t\t\t\t<div class=\"elementor-element elementor-element-13dd38e elementor-widget elementor-widget-html\" data-id=\"13dd38e\" data-element_type=\"widget\" data-e-type=\"widget\" data-widget_type=\"html.default\">\n\t\t\t\t<div class=\"elementor-widget-container\">\n\t\t\t\t\t<p class='text-upper f-weight-600 dp-font-14 max-1200 text-center dp-hide-only-desktop' style=\"font-size: 14px;line-height: 20px\">APPROUV\u00c9 PAR LES \u00c9QUIPES CHEZ<\/p>\n<article class=\"wrapper\" role=\"region\" aria-label=\"Logos of Trusted Teams\">\n <div class=\"wrapper-text-title\">\n  <p>APPROUV\u00c9 PAR LES \u00c9QUIPES CHEZ<\/p>\n <\/div>\n <div class=\"marquee\" role=\"list\">\n  <div class=\"marquee__group\" role=\"listitem\">\n   <div class='partners-logos-img-wrap-inner scale-down-marquee-adecco'>\n    <img decoding=\"async\" src=\"\/wp-content\/uploads\/sites\/3\/2024\/06\/adecco-logo.png\"\/>\n   <\/div>\n   <div class='partners-logos-img-wrap-inner scale-down-marquee'>\n    <img decoding=\"async\" src=\"\/wp-content\/uploads\/sites\/3\/2024\/06\/allied-universal-logo.png\" \/>\n   <\/div>\n   <div class='partners-logos-img-wrap-inner'>\n    <img decoding=\"async\" src=\"\/wp-content\/uploads\/sites\/3\/2024\/06\/Alorica-logo.png\" \/>\n   <\/div>\n   <div class='partners-logos-img-wrap-inner small-mobile-partners-logo'>\n    <img decoding=\"async\" src=\"\/wp-content\/uploads\/sites\/3\/2024\/06\/Aramark-logo.png\" \/>\n   <\/div>\n   <div class='partners-logos-img-wrap-inner'>\n    <img decoding=\"async\" src=\"\/wp-content\/uploads\/sites\/3\/2024\/06\/Dollar_Tree_Canada_logo.png\" \/>\n   <\/div>\n   <div class='partners-logos-img-wrap-inner'>\n    <img decoding=\"async\" src=\"\/wp-content\/uploads\/sites\/3\/2024\/06\/Gardaworld-vector-logo.png\" \/>\n   <\/div>\n   <div class='partners-logos-img-wrap-inner'>\n    <img decoding=\"async\" src=\"\/wp-content\/uploads\/sites\/3\/2024\/06\/iss-logo.png\" \/>\n   <\/div>\n   <div class='partners-logos-img-wrap-inner'>\n    <img decoding=\"async\" src=\"\/wp-content\/uploads\/sites\/3\/2024\/06\/mcd-logo.png\"  \/>\n   <\/div>\n   <div class='partners-logos-img-wrap-inner'>\n    <img decoding=\"async\" src=\"\/wp-content\/uploads\/sites\/3\/2024\/06\/securitas-logo.png\"\/>\n   <\/div>\n   <div class='partners-logos-img-wrap-inner'>\n    <img decoding=\"async\" src=\"\/wp-content\/uploads\/sites\/3\/2024\/06\/value-village-logo.png\" \/>\n   <\/div>\n   \n  <\/div>\n  <div aria-hidden=\"true\" class=\"marquee__group\" role=\"listitem\">\n   <div class='partners-logos-img-wrap-inner scale-down-marquee-adecco'>\n    <img decoding=\"async\" src=\"\/wp-content\/uploads\/sites\/3\/2024\/06\/adecco-logo.png\"\/>\n   <\/div>\n   <div class='partners-logos-img-wrap-inner scale-down-marquee'>\n    <img decoding=\"async\" src=\"\/wp-content\/uploads\/sites\/3\/2024\/06\/allied-universal-logo.png\" \/>\n   <\/div>\n   <div class='partners-logos-img-wrap-inner'>\n    <img decoding=\"async\" src=\"\/wp-content\/uploads\/sites\/3\/2024\/06\/Alorica-logo.png\" \/>\n   <\/div>\n   <div class='partners-logos-img-wrap-inner small-mobile-partners-logo'>\n    <img decoding=\"async\" src=\"\/wp-content\/uploads\/sites\/3\/2024\/06\/Aramark-logo.png\" \/>\n   <\/div>\n   <div class='partners-logos-img-wrap-inner'>\n    <img decoding=\"async\" src=\"\/wp-content\/uploads\/sites\/3\/2024\/06\/Dollar_Tree_Canada_logo.png\" \/>\n   <\/div>\n   <div class='partners-logos-img-wrap-inner'>\n    <img decoding=\"async\" src=\"\/wp-content\/uploads\/sites\/3\/2024\/06\/Gardaworld-vector-logo.png\" \/>\n   <\/div>\n   <div class='partners-logos-img-wrap-inner'>\n    <img decoding=\"async\" src=\"\/wp-content\/uploads\/sites\/3\/2024\/06\/iss-logo.png\" \/>\n   <\/div>\n   <div class='partners-logos-img-wrap-inner'>\n    <img decoding=\"async\" src=\"\/wp-content\/uploads\/sites\/3\/2024\/06\/mcd-logo.png\"  \/>\n   <\/div>\n   <div class='partners-logos-img-wrap-inner'>\n    <img decoding=\"async\" src=\"\/wp-content\/uploads\/sites\/3\/2024\/06\/securitas-logo.png\"\/>\n   <\/div>\n   <div class='partners-logos-img-wrap-inner'>\n    <img decoding=\"async\" src=\"\/wp-content\/uploads\/sites\/3\/2024\/06\/value-village-logo.png\" \/>\n   <\/div>\n  <\/div>\n <\/div>\n<\/article>\n<script>\n\tjQuery(document).ready(function($) {\nfunction labelAnimate() {\n  $('.mktoForm').find('.mktoField').each(function() {\n    var targetItem = $(this).parent();\n    if ($(this).val()) {\n      $(targetItem).find('label').removeClass('mkto_lable_animate');\n    }\n  })\n  $('.mktoForm').find('.mktoField').focus(function() {\n    $(this).parent('.mktoFieldWrap').addClass('field_focus');\n    $(this).parent().find('label').addClass('mkto_lable_animate');\n  })\n  $('.mktoForm').find('.mktoField').blur(function() {\n    if ($(this).val().length == 0) {\n      $(this).parent('.mktoFieldWrap').removeClass('field_focus');\n      $(this).parent().find('label').removeClass('mkto_lable_animate');\n    }\n  });\n}\nsetTimeout(labelAnimate, 2000);\n\t\nMktoForms2.whenRendered(function(mktoForm) {\n  const arrayify = getSelection.call.bind([].slice);\n\n  let formEl = mktoForm.getFormElem()[0],\n    labels = formEl.querySelectorAll(\"label:not([data-for-type])\");\n\n  arrayify(labels)\n    .forEach(function(label) {\n      let relatedInput = formEl.querySelector(\"#\" + label.htmlFor) || formEl.querySelector(\"[name='\" + label.htmlFor + \"']\");\n      label.setAttribute(\"data-for-type\", relatedInput ? relatedInput.type : \"\");\n    });\n});\n\t\t});\n<\/script>\t\t\t\t<\/div>\n\t\t\t\t<\/div>\n\t\t\t\t\t<\/div>\n\t\t\t\t<\/div>\n\t\t\t\t<\/div>\n\t\t","protected":false},"excerpt":{"rendered":"<p>67% 1 1<\/p>\n","protected":false},"author":3,"featured_media":0,"parent":0,"menu_order":0,"comment_status":"closed","ping_status":"closed","template":"","meta":{"inline_featured_image":false,"footnotes":""},"class_list":["post-270","page","type-page","status-publish","hentry"],"yoast_head":"<!-- This site is optimized with the Yoast SEO Premium plugin v26.9 (Yoast SEO v26.9) - https:\/\/yoast.com\/product\/yoast-seo-premium-wordpress\/ -->\n<title>La solution DailyPay : jugez-en par vous-m\u00eame. - DP Canada FR<\/title>\n<meta name=\"robots\" content=\"index, follow, max-snippet:-1, max-image-preview:large, max-video-preview:-1\" \/>\n<link rel=\"canonical\" href=\"https:\/\/dailypay.ca\/fr-ca\/demo\/\" \/>\n<meta property=\"og:locale\" content=\"en_US\" \/>\n<meta property=\"og:type\" content=\"article\" \/>\n<meta property=\"og:title\" content=\"Demo\" \/>\n<meta property=\"og:description\" content=\"67% 1 1\" \/>\n<meta property=\"og:url\" content=\"https:\/\/dailypay.ca\/fr-ca\/demo\/\" \/>\n<meta property=\"og:site_name\" content=\"DP Canada FR\" \/>\n<meta property=\"article:modified_time\" content=\"2024-10-29T14:34:49+00:00\" \/>\n<meta property=\"og:image\" content=\"https:\/\/dailypay.ca\/fr-ca\/wp-content\/uploads\/sites\/2\/2024\/08\/dailypay-employee-fr.png\" \/>\n\t<meta property=\"og:image:width\" content=\"1200\" \/>\n\t<meta property=\"og:image:height\" content=\"630\" \/>\n\t<meta property=\"og:image:type\" content=\"image\/png\" \/>\n<meta name=\"twitter:card\" content=\"summary_large_image\" \/>\n<meta name=\"twitter:label1\" content=\"Est. reading time\" \/>\n\t<meta name=\"twitter:data1\" content=\"5 minutes\" \/>\n<script type=\"application\/ld+json\" class=\"yoast-schema-graph\">{\"@context\":\"https:\/\/schema.org\",\"@graph\":[{\"@type\":\"WebPage\",\"@id\":\"https:\/\/dailypay.ca\/fr-ca\/demo\/\",\"url\":\"https:\/\/dailypay.ca\/fr-ca\/demo\/\",\"name\":\"La solution DailyPay : jugez-en par vous-m\u00eame. - DP Canada FR\",\"isPartOf\":{\"@id\":\"https:\/\/dailypay.ca\/fr-ca\/#website\"},\"datePublished\":\"2024-06-20T18:26:42+00:00\",\"dateModified\":\"2024-10-29T14:34:49+00:00\",\"breadcrumb\":{\"@id\":\"https:\/\/dailypay.ca\/fr-ca\/demo\/#breadcrumb\"},\"inLanguage\":\"en-US\",\"potentialAction\":[{\"@type\":\"ReadAction\",\"target\":[\"https:\/\/dailypay.ca\/fr-ca\/demo\/\"]}]},{\"@type\":\"BreadcrumbList\",\"@id\":\"https:\/\/dailypay.ca\/fr-ca\/demo\/#breadcrumb\",\"itemListElement\":[{\"@type\":\"ListItem\",\"position\":1,\"name\":\"Home\",\"item\":\"https:\/\/dailypay.ca\/fr-ca\/\"},{\"@type\":\"ListItem\",\"position\":2,\"name\":\"Demo\"}]},{\"@type\":\"WebSite\",\"@id\":\"https:\/\/dailypay.ca\/fr-ca\/#website\",\"url\":\"https:\/\/dailypay.ca\/fr-ca\/\",\"name\":\"DP Canada FR\",\"description\":\"Le fruit de votre travail au quotidien\",\"publisher\":{\"@id\":\"https:\/\/dailypay.ca\/fr-ca\/#organization\"},\"alternateName\":\"DailyPay\",\"potentialAction\":[{\"@type\":\"SearchAction\",\"target\":{\"@type\":\"EntryPoint\",\"urlTemplate\":\"https:\/\/dailypay.ca\/fr-ca\/?s={search_term_string}\"},\"query-input\":{\"@type\":\"PropertyValueSpecification\",\"valueRequired\":true,\"valueName\":\"search_term_string\"}}],\"inLanguage\":\"en-US\"},{\"@type\":\"Organization\",\"@id\":\"https:\/\/dailypay.ca\/fr-ca\/#organization\",\"name\":\"DailyPay\",\"alternateName\":\"DP\",\"url\":\"https:\/\/dailypay.ca\/fr-ca\/\",\"logo\":{\"@type\":\"ImageObject\",\"inLanguage\":\"en-US\",\"@id\":\"https:\/\/dailypay.ca\/fr-ca\/#\/schema\/logo\/image\/\",\"url\":\"https:\/\/dailypay.ca\/fr-ca\/wp-content\/uploads\/sites\/2\/2024\/06\/dailypay-logo.svg\",\"contentUrl\":\"https:\/\/dailypay.ca\/fr-ca\/wp-content\/uploads\/sites\/2\/2024\/06\/dailypay-logo.svg\",\"width\":157,\"height\":39,\"caption\":\"DailyPay\"},\"image\":{\"@id\":\"https:\/\/dailypay.ca\/fr-ca\/#\/schema\/logo\/image\/\"}}]}<\/script>\n<!-- \/ Yoast SEO Premium plugin. -->","yoast_head_json":{"title":"La solution DailyPay : jugez-en par vous-m\u00eame. - DP Canada FR","robots":{"index":"index","follow":"follow","max-snippet":"max-snippet:-1","max-image-preview":"max-image-preview:large","max-video-preview":"max-video-preview:-1"},"canonical":"https:\/\/dailypay.ca\/fr-ca\/demo\/","og_locale":"en_US","og_type":"article","og_title":"Demo","og_description":"67% 1 1","og_url":"https:\/\/dailypay.ca\/fr-ca\/demo\/","og_site_name":"DP Canada FR","article_modified_time":"2024-10-29T14:34:49+00:00","og_image":[{"width":1200,"height":630,"url":"https:\/\/dailypay.ca\/fr-ca\/wp-content\/uploads\/sites\/2\/2024\/08\/dailypay-employee-fr.png","type":"image\/png"}],"twitter_card":"summary_large_image","twitter_misc":{"Est. reading time":"5 minutes"},"schema":{"@context":"https:\/\/schema.org","@graph":[{"@type":"WebPage","@id":"https:\/\/dailypay.ca\/fr-ca\/demo\/","url":"https:\/\/dailypay.ca\/fr-ca\/demo\/","name":"La solution DailyPay : jugez-en par vous-m\u00eame. - DP Canada FR","isPartOf":{"@id":"https:\/\/dailypay.ca\/fr-ca\/#website"},"datePublished":"2024-06-20T18:26:42+00:00","dateModified":"2024-10-29T14:34:49+00:00","breadcrumb":{"@id":"https:\/\/dailypay.ca\/fr-ca\/demo\/#breadcrumb"},"inLanguage":"en-US","potentialAction":[{"@type":"ReadAction","target":["https:\/\/dailypay.ca\/fr-ca\/demo\/"]}]},{"@type":"BreadcrumbList","@id":"https:\/\/dailypay.ca\/fr-ca\/demo\/#breadcrumb","itemListElement":[{"@type":"ListItem","position":1,"name":"Home","item":"https:\/\/dailypay.ca\/fr-ca\/"},{"@type":"ListItem","position":2,"name":"Demo"}]},{"@type":"WebSite","@id":"https:\/\/dailypay.ca\/fr-ca\/#website","url":"https:\/\/dailypay.ca\/fr-ca\/","name":"DP Canada FR","description":"Le fruit de votre travail au quotidien","publisher":{"@id":"https:\/\/dailypay.ca\/fr-ca\/#organization"},"alternateName":"DailyPay","potentialAction":[{"@type":"SearchAction","target":{"@type":"EntryPoint","urlTemplate":"https:\/\/dailypay.ca\/fr-ca\/?s={search_term_string}"},"query-input":{"@type":"PropertyValueSpecification","valueRequired":true,"valueName":"search_term_string"}}],"inLanguage":"en-US"},{"@type":"Organization","@id":"https:\/\/dailypay.ca\/fr-ca\/#organization","name":"DailyPay","alternateName":"DP","url":"https:\/\/dailypay.ca\/fr-ca\/","logo":{"@type":"ImageObject","inLanguage":"en-US","@id":"https:\/\/dailypay.ca\/fr-ca\/#\/schema\/logo\/image\/","url":"https:\/\/dailypay.ca\/fr-ca\/wp-content\/uploads\/sites\/2\/2024\/06\/dailypay-logo.svg","contentUrl":"https:\/\/dailypay.ca\/fr-ca\/wp-content\/uploads\/sites\/2\/2024\/06\/dailypay-logo.svg","width":157,"height":39,"caption":"DailyPay"},"image":{"@id":"https:\/\/dailypay.ca\/fr-ca\/#\/schema\/logo\/image\/"}}]}},"_links":{"self":[{"href":"https:\/\/dailypay.ca\/fr-ca\/wp-json\/wp\/v2\/pages\/270","targetHints":{"allow":["GET"]}}],"collection":[{"href":"https:\/\/dailypay.ca\/fr-ca\/wp-json\/wp\/v2\/pages"}],"about":[{"href":"https:\/\/dailypay.ca\/fr-ca\/wp-json\/wp\/v2\/types\/page"}],"author":[{"embeddable":true,"href":"https:\/\/dailypay.ca\/fr-ca\/wp-json\/wp\/v2\/users\/3"}],"replies":[{"embeddable":true,"href":"https:\/\/dailypay.ca\/fr-ca\/wp-json\/wp\/v2\/comments?post=270"}],"version-history":[{"count":0,"href":"https:\/\/dailypay.ca\/fr-ca\/wp-json\/wp\/v2\/pages\/270\/revisions"}],"wp:attachment":[{"href":"https:\/\/dailypay.ca\/fr-ca\/wp-json\/wp\/v2\/media?parent=270"}],"curies":[{"name":"wp","href":"https:\/\/api.w.org\/{rel}","templated":true}]}}