{"id":279,"date":"2024-06-20T19:23:33","date_gmt":"2024-06-20T19:23:33","guid":{"rendered":"https:\/\/dailypay.ca\/en-ca\/?page_id=279"},"modified":"2025-06-25T14:45:13","modified_gmt":"2025-06-25T14:45:13","slug":"faqs","status":"publish","type":"page","link":"https:\/\/dailypay.ca\/fr-ca\/faqs\/","title":{"rendered":"FAQs"},"content":{"rendered":"\t\t<div data-elementor-type=\"wp-page\" data-elementor-id=\"279\" class=\"elementor elementor-279\" data-elementor-post-type=\"page\">\n\t\t\t\t<div class=\"elementor-element elementor-element-7f02e6b e-flex e-con-boxed e-con e-parent\" data-id=\"7f02e6b\" data-element_type=\"container\" data-e-type=\"container\" data-settings=\"{&quot;background_background&quot;:&quot;classic&quot;}\">\n\t\t\t\t\t<div class=\"e-con-inner\">\n\t\t\t\t<div class=\"elementor-element elementor-element-175bc7e elementor-widget elementor-widget-ucaddon_dp_heading_text\" data-id=\"175bc7e\" data-element_type=\"widget\" data-e-type=\"widget\" data-widget_type=\"ucaddon_dp_heading_text.default\">\n\t\t\t\t<div class=\"elementor-widget-container\">\n\t\t\t\t\t\n<!-- start DP Heading Text -->\n<style>\/* widget: DP Heading Text *\/\n\nh1 span, h2 span, h3 span, h4 span, h5 span, h6 span {\n  font-family: var(--primary-font) !important;\n}\n\n<\/style>\n\n<h1 class=\"dp-font-48 navy-text dp-font-secondary f-weight-600 text-center mb0 mt0\" style=\"max-width: 800px;margin: auto;\">Foire aux questions<\/h1>\n<!-- end DP Heading Text -->\t\t\t\t<\/div>\n\t\t\t\t<\/div>\n\t\t\t\t\t<\/div>\n\t\t\t\t<\/div>\n\t\t<div class=\"elementor-element elementor-element-0ddbb17 e-flex e-con-boxed e-con e-parent\" data-id=\"0ddbb17\" data-element_type=\"container\" data-e-type=\"container\">\n\t\t\t\t\t<div class=\"e-con-inner\">\n\t\t\t\t<div class=\"elementor-element elementor-element-0455453 elementor-widget elementor-widget-ucaddon_dp_faq_s\" data-id=\"0455453\" data-element_type=\"widget\" data-e-type=\"widget\" data-widget_type=\"ucaddon_dp_faq_s.default\">\n\t\t\t\t<div class=\"elementor-widget-container\">\n\t\t\t\t\t\n<!-- start DP FAQ&#039;s -->\n<style>\/* widget: DP FAQ&#039;s *\/\n\n\/* video faq styles *\/\n\n.faq-answer-video-wrap {\n  width: 100%;\n  display: flex;\n  margin-top: 22px;\n  overflow: hidden;\n  justify-content: center;\n  align-items: center;\n}\n\n.faq-answer-video-wrap .faq-answer-video-inner {\n  width: 100%;\n  margin: 10px;\n  \/* max-width: max-content; *\/\n  display: flex;\n  justify-content: flex-start;\n  align-items: center;\n}\n\n.faq-answer-video-wrap .faq-answer-video-inner .video-height {\n  height: 230px;\n  width: 100%;\n  max-width: none;\n}\n\n.faq-answer-video-wrap .faq-answer-video-inner .video-height iframe {\n  display: table;\n  max-width: 410px;\n}\n\n.dp-faq-wrap .faq-accordian ul li section p{\n  width: 90%;\n  max-width: 800px;\n}\n\n.dp-faq-wrap .faq-accordian.white-text ul li{\n  border-bottom: 1px solid rgb(255 255 255 \/ 8%);\n  padding: 32px 0;\n  cursor: pointer;\n}\n.dp-faq-wrap .faq-accordian.white-text ul li:first-child{\n  border-top: 1px solid rgb(255 255 255 \/ 8%);\n}\n.dp-faq-wrap .faq-accordian ul li .accordian-head {\n    padding-right: 35px !important;\n  line-height: normal;\n  font-size: 18px;\n  font-weight: 600;\n}\n.dp-faq-wrap .faq-accordian.white-text ul li .accordian-head{\n  color: #ffffff;\n  padding: 0;\n  padding-right: 35px;\n  position: relative;\n}\n\n.dp-faq-wrap .faq-accordian.white-text ul li .accordian-head .acc-icon i{\n  color: #ffffff; \n}\n\n.dp-faq-wrap .faq-accordian.white-text ul li section{\n  color: #ffffff; \n  padding: 0px;\n  padding-top: 8px;\n}\n\n.dp-faq-wrap .faq-accordian.white-text ul li section p{\n  color: #ffffff;\n}\n\n.dp-faq-wrap .faq-accordian.white-text ul li section p a{\n  color: #ffffff;\n}\n\n.dp-faq-wrap .faq-accordian.white-text ul li section p a:hover{\n  color: #fe4d01;\n}\n\n.dp-faq-wrap .faq-accordian.white-text ul li .accordian-head .acc-icon{\n      top: 2px;\n    position: absolute;\n    right: 0;\n}\n\n\n.dp-faq-wrap .faq-accordian ul li{\n  padding: 32px 0;\n  cursor: pointer;\n      margin: 0;\n    border-bottom: 1px solid rgba(0, 0, 0, 0.08);\n    line-height: normal;\n    list-style: none;\n}\n\n.dp-faq-wrap .faq-accordian ul li:first-child{\n  border-top: 1px solid rgb(0 0 0 \/ 8%);\n}\n\n.dp-faq-wrap .faq-accordian ul li .accordian-head{\n  padding: 0;\n  position: relative;\n}\n\n.dp-faq-wrap .faq-accordian ul li section{\n  padding: 0px;\n  padding-top: 8px;\n}\n\n.dp-faq-wrap .faq-accordian ul li .accordian-head .acc-icon{\n      top: 2px;\n    position: absolute;\n    right: 0;\n}\n\n.dp-faq-wrap .faq-accordian ul li section ul{\n  margin-top: 16px;\n    padding-left: 24px;\n}\n\n.dp-faq-wrap .faq-accordian ul li section ul li{\n      padding: 0;\n    border: none !important;\n    font-size: 16px;\n  list-style: inside;\n      line-height: 24px;\n}\n\n.dp-faq-wrap .faq-accordian ul li section p a{\n\tfont-weight: 600;\n  color: #04143a;\n  text-decoration: underline;\n}\n\n.dp-faq-wrap .faq-accordian ul li section p{\n\tmargin-top: 16px;\n}\n\n.dp-faq-wrap .faq-accordian ul li section p a:hover{\n\tcolor: #CF3E00;\n}\n\n.dp-faq-wrap .faq-accordian ul li section ul li::marker{\n  margin-right: 5px;\n}\n\n@media all and (max-width: 1250px) {\n  .faq-answer-video-wrap .faq-answer-video-inner .video-height{\n    height: 190px;\n    width: 100%;\n    max-width: 420px;\n  }\n}\n\n@media all and (max-width: 990px) {\n  .faq-answer-video-wrap .faq-answer-video-inner .video-height{\n    height: 140px;\n    width: 100%;\n    max-width: 420px;\n  }\n}\n\n@media all and (max-width: 768px) {\n  .faq-answer-video-wrap {\n    flex-direction: column;\n  }\n\n  .faq-answer-video-wrap .faq-answer-video-inner {\n    margin: 0;\n    margin-top: 15px;\n}\n\n  .faq-answer-video-wrap .faq-answer-video-inner .video-height {\n    max-width: none;\n    height: 210px;\n  }\n}\n\n.faq-arrow-reverse .acc-icon i {\n  transform: rotate(180deg);\n  -webkit-transform: rotate(180deg);\n  -moz-transform: rotate(180deg);\n  -ms-transform: rotate(180deg);\n  -o-transform: rotate(180deg);\n}\n\n<\/style>\n\n<div class=\"dp-faq-wrap\">\n  <div class=\"faq-accordian white\" role=\"region\" aria-labelledby=\"dp-accordian-canada\">\n    <ul class=\"accordian\" id=\"dp-accordian-canada\" role=\"list\">\n      <li class=\"accordian-open faq-arrow-reverse \"  role=\"listitem\" tabindex=\"0\">\n        <div role=\"heading\" aria-level=\"2\" class=\"accordian-head\" tabindex=\"-1\">Qu\u2019est-ce que DailyPay?<span class=\"acc-icon\" aria-hidden=\"true\"><i class=\"fas fa-chevron-down\" aria-hidden=\"true\"><\/i><\/span><\/div>\n        <section aria-hidden=\"false\">\n          <p>DailyPay est la norme de l\u2019industrie en mati\u00e8re de paiement \u00e0 la demande avec un logiciel qui s\u2019int\u00e8gre facilement aux syst\u00e8mes de paie et de gestion du temps d\u2019une entreprise. DailyPay offre aux employ\u00e9s un acc\u00e8s anticip\u00e9 \u00e0 leur salaire gagn\u00e9. Cela signifie que les employ\u00e9s ont le pouvoir de choisir quand recevoir leur salaire, au lieu d\u2019avoir \u00e0 attendre le jour de paie. DailyPay permet aux employ\u00e9s d\u2019acc\u00e9der instantan\u00e9ment \u00e0 leur salaire gagn\u00e9 ou de le recevoir le jour ouvrable suivant.<\/p>\n        <\/section>\n      <\/li>\n      <li class=\"accordian-open faq-arrow-reverse \"  role=\"listitem\" tabindex=\"0\">\n <div role=\"heading\" aria-level=\"2\" class=\"accordian-head\" tabindex=\"-1\">Fonctionnement de DailyPay<span class=\"acc-icon\" aria-hidden=\"true\"><i class=\"fas fa-chevron-down\" aria-hidden=\"true\"><\/i><\/span><\/div>\n  <section style=\"display: none;\" aria-hidden=\"true\">\n     <p>\u00c0 la fin de votre journ\u00e9e de travail et apr\u00e8s approbation de vos heures par votre responsable, vous accumulez des revenus. Ils sont alors disponibles sur votre compte DailyPay et vous pouvez y acc\u00e9der plus t\u00f4t que pr\u00e9vu.<\/p><p>Ce qui est disponible est mis \u00e0 jour au fur et \u00e0 mesure que vos quarts de travail termin\u00e9s sont enregistr\u00e9s. Vous pouvez transf\u00e9rer instantan\u00e9ment de l\u2019argent moyennant des frais minimes, ou planifier gratuitement le transfert pour le jour ouvrable suivant.<\/p><p>Tout l\u2019argent qui reste (apr\u00e8s avoir effectu\u00e9 des virements pendant une p\u00e9riode de paie) vous sera automatiquement vers\u00e9 lors de votre prochain jour de paie r\u00e9gulier en tant que paiement restant.<\/p><p>Notre logiciel utilise un algorithme qui r\u00e9duit la probabilit\u00e9 que vous retiriez plus d\u2019argent que vous n\u2019en avez. Ce qui figure actuellement sur votre compte DailyPay est ce que vous pouvez transf\u00e9rer \u00e0 tout moment. Ce montant ne comprend pas les imp\u00f4ts estim\u00e9s, les d\u00e9ductions et les autres retenues telles que les saisies-arr\u00eats. Vous pouvez utiliser l\u2019appli ou le site Web de DailyPay pour acc\u00e9der \u00e0 votre salaire gagn\u00e9 et pas encore pay\u00e9.<\/p>\n  <\/section>\n<\/li>\n<li class=\"accordian-open faq-arrow-reverse \"  role=\"listitem\" tabindex=\"0\">\n <div role=\"heading\" aria-level=\"2\" class=\"accordian-head\" tabindex=\"-1\">De quoi ai-je besoin pour m\u2019inscrire \u00e0 DailyPay?<span class=\"acc-icon\" aria-hidden=\"true\"><i class=\"fas fa-chevron-down\" aria-hidden=\"true\"><\/i><\/span><\/div>\n  <section style=\"display: none;\" aria-hidden=\"true\">\n     <p>Une fois que votre employeur a lanc\u00e9 son partenariat avec nous pour proposer DailyPay, vous aurez besoin d\u2019un compte bancaire, d\u2019une carte de d\u00e9bit pr\u00e9pay\u00e9e ou d\u2019une carte de paie pour que DailyPay sache o\u00f9 envoyer votre salaire gagn\u00e9. Le logiciel de DailyPay exige que vous ayez un d\u00e9p\u00f4t direct pour vos ch\u00e8ques de paie. Cela nous permet de transf\u00e9rer votre salaire gagn\u00e9 dans le compte de votre choix chaque fois que vous demandez un transfert.<\/p><p>DailyPay ne n\u00e9cessite pas que vous ayez un num\u00e9ro de s\u00e9curit\u00e9 sociale.<\/p><p>Pour commencer, inscrivez-vous ici d\u00e8s aujourd\u2019hui!<\/p>\n  <\/section>\n<\/li>\n<li class=\"accordian-open faq-arrow-reverse \"  role=\"listitem\" tabindex=\"0\">\n <div role=\"heading\" aria-level=\"2\" class=\"accordian-head\" tabindex=\"-1\">Suis-je tenu de signer un contrat \u00e0 long terme?<span class=\"acc-icon\" aria-hidden=\"true\"><i class=\"fas fa-chevron-down\" aria-hidden=\"true\"><\/i><\/span><\/div>\n  <section style=\"display: none;\" aria-hidden=\"true\">\n     <p>Non, vous pouvez cesser d\u2019utiliser DailyPay quand bon vous semble, sans aucune obligation. De plus, vous n\u2019avez aucune obligation d\u2019utiliser DailyPay apr\u00e8s votre inscription. Une fois inscrit, vous pouvez choisir de l\u2019utiliser aussi souvent que vous le souhaitez.<\/p>\n  <\/section>\n<\/li>\n<li class=\"accordian-open faq-arrow-reverse \"  role=\"listitem\" tabindex=\"0\">\n <div role=\"heading\" aria-level=\"2\" class=\"accordian-head\" tabindex=\"-1\">Combien puis-je transf\u00e9rer?<span class=\"acc-icon\" aria-hidden=\"true\"><i class=\"fas fa-chevron-down\" aria-hidden=\"true\"><\/i><\/span><\/div>\n  <section style=\"display: none;\" aria-hidden=\"true\">\n     <p>Vous pouvez transf\u00e9rer jusqu\u2019\u00e0 100\u00a0% du montant actuellement disponible dans l\u2019application DailyPay. Vous pouvez effectuer jusqu\u2019\u00e0 cinq transferts par jour pour un montant maximum de 1\u00a0000\u00a0$ par jour.<\/p>\n  <\/section>\n<\/li>\n<li class=\"accordian-open faq-arrow-reverse \"  role=\"listitem\" tabindex=\"0\">\n <div role=\"heading\" aria-level=\"2\" class=\"accordian-head\" tabindex=\"-1\">\u00c0 quelle fr\u00e9quence puis-je effectuer des transferts?<span class=\"acc-icon\" aria-hidden=\"true\"><i class=\"fas fa-chevron-down\" aria-hidden=\"true\"><\/i><\/span><\/div>\n  <section style=\"display: none;\" aria-hidden=\"true\">\n     <p>Vous pouvez transf\u00e9rer ce qui est actuellement disponible sur un compte bancaire ou une carte de d\u00e9bit de votre choix. Vous pouvez effectuer jusqu\u2019\u00e0 cinq transferts par jour pour un montant maximum de 1\u00a0000\u00a0$ par jour.<\/p>\n  <\/section>\n<\/li>\n<li class=\"accordian-open faq-arrow-reverse \"  role=\"listitem\" tabindex=\"0\">\n <div role=\"heading\" aria-level=\"2\" class=\"accordian-head\" tabindex=\"-1\">Dans quels d\u00e9lais puis-je recevoir mon argent?<span class=\"acc-icon\" aria-hidden=\"true\"><i class=\"fas fa-chevron-down\" aria-hidden=\"true\"><\/i><\/span><\/div>\n  <section style=\"display: none;\" aria-hidden=\"true\">\n     <p>Avec DailyPay, vous pouvez recevoir un transfert de ce qui est actuellement disponible dans DailyPay soit instantan\u00e9ment, soit le jour ouvrable suivant.<\/p><p>Instantan\u00e9ment\u00a0: transf\u00e9rez vos gains imm\u00e9diatement, peu importe quelle heure il est. Cela inclut les week-ends et les jours f\u00e9ri\u00e9s, 24\u00a0heures sur\u00a024, 7\u00a0jours sur\u00a07, 365\u00a0jours par ann\u00e9e.<\/p><p>Jour ouvrable suivant\u00a0: si vous demandez un transfert avant 17\u00a0h\u00a030\u00a0HE, vous recevrez votre argent le prochain jour ouvrable. Par contre, si vous effectuez votre transfert apr\u00e8s 17\u00a0h\u00a030\u00a0HE, vous recevrez vos fonds le second jour ouvrable qui suit.<\/p>\n  <\/section>\n<\/li>\n<li class=\"accordian-open faq-arrow-reverse \"  role=\"listitem\" tabindex=\"0\">\n <div role=\"heading\" aria-level=\"2\" class=\"accordian-head\" tabindex=\"-1\">Pourquoi payer pour acc\u00e9der \u00e0 mon propre argent?<span class=\"acc-icon\" aria-hidden=\"true\"><i class=\"fas fa-chevron-down\" aria-hidden=\"true\"><\/i><\/span><\/div>\n  <section style=\"display: none;\" aria-hidden=\"true\">\n     <p>Si vous choisissez de transf\u00e9rer instantan\u00e9ment votre salaire gagn\u00e9, vous b\u00e9n\u00e9ficiez d\u2019un service premium comparable \u00e0 celui des livraisons express. Les transferts instantan\u00e9s peuvent \u00eatre effectu\u00e9s 24\u00a0heures sur\u00a024, 7\u00a0jours sur\u00a07, 365\u00a0jours par ann\u00e9e (y compris les nuits, les week-ends et les jours f\u00e9ri\u00e9s).<\/p><p>Nous devons percevoir des frais pour \u00eatre en mesure de continuer \u00e0 vous fournir ce service. Cela nous permet de continuer \u00e0 vous soutenir et \u00e0 vous fournir le niveau de service de qualit\u00e9 qui fait notre renomm\u00e9e.<\/p>\n  <\/section>\n<\/li>\n<li class=\"accordian-open faq-arrow-reverse \"  role=\"listitem\" tabindex=\"0\">\n <div role=\"heading\" aria-level=\"2\" class=\"accordian-head\" tabindex=\"-1\">J\u2019ai une question plus particuli\u00e8re, comment obtenir de l\u2019aide?<span class=\"acc-icon\" aria-hidden=\"true\"><i class=\"fas fa-chevron-down\" aria-hidden=\"true\"><\/i><\/span><\/div>\n  <section style=\"display: none;\" aria-hidden=\"true\">\n     <p>Si vous avez une question particuli\u00e8re sur DailyPay ou sur votre compte qui n\u2019a pas \u00e9t\u00e9 abord\u00e9e ici, rendez-vous dans la section d\u2019aide dans votre compte DailyPay. Vous pourrez peut-\u00eatre y trouver la r\u00e9ponse \u00e0 votre question.<\/p><p>Si vous \u00eates titulaire d\u2019un compte et que vous avez besoin d\u2019aide suppl\u00e9mentaire, veuillez communiquer avec notre \u00e9quipe d\u2019assistance \u00e0 la client\u00e8le. Nous sommes disponibles 24 heures sur 24, 7 jours sur 7, mais ferm\u00e9s certains jours f\u00e9ri\u00e9s.<\/p><p>Vous pouvez nous appeler sans frais au 1-866-970-7948.<\/p>\n  <\/section>\n<\/li>\n     <\/ul>\n  <\/div>\n<\/div>\n<!-- end DP FAQ's -->\t\t\t\t<\/div>\n\t\t\t\t<\/div>\n\t\t\t\t\t<\/div>\n\t\t\t\t<\/div>\n\t\t<div class=\"elementor-element elementor-element-25be0635 e-flex e-con-boxed e-con e-parent\" data-id=\"25be0635\" data-element_type=\"container\" data-e-type=\"container\" data-settings=\"{&quot;background_background&quot;:&quot;classic&quot;}\">\n\t\t\t\t\t<div class=\"e-con-inner\">\n\t\t\t\t<div class=\"elementor-element elementor-element-69c51a5 elementor-widget elementor-widget-global elementor-global-334 elementor-widget-html\" data-id=\"69c51a5\" data-element_type=\"widget\" data-e-type=\"widget\" data-widget_type=\"html.default\">\n\t\t\t\t<div class=\"elementor-widget-container\">\n\t\t\t\t\t<div class=\"subfooter-wrap\">\n    <div class=\"subfooter-wrap-left\">\n        <img decoding=\"async\" data-aos=\"fade-up\" data-aos-offset=\"200\" data-aos-delay=\"50\" data-aos-duration=\"500\" src=\"\/wp-content\/uploads\/sites\/2\/2024\/08\/subfooter-mobile-mockup-fr-1.png\"> \n    <\/div>\n    <div class=\"subfooter-wrap-right\">\n        <h2 class=\"dp-font-40\">Pr\u00eat \u00e0 embrasser l\u2019avenir de la paie?<br> Commencez avec DailyPay.<\/h2>\n        <div class=\"subfooter-employer-employee-wrap\">\n            <div class=\"subfooter-employer-wrap\" data-aos=\"zoom-in\" data-aos-offset=\"200\" data-aos-delay=\"200\" data-aos-duration=\"500\">\n                <a href=\"\/fr-ca\/demo\/\">\n                <div class=\"subfooter-employer-wrap-img\">\n                    <img decoding=\"async\" src=\"\/wp-content\/uploads\/sites\/3\/2024\/06\/subfooter-employer-artwork.png\">\n                <\/div>\n                <p class=\"dp-font-18 f-weight-500\" style=\"font-weight: 600 !important\">Je suis un employeur<\/p>\n                <p class=\"mb0 f-weight-400\">Je veux parler \u00e0 un sp\u00e9cialiste et r\u00e9server une d\u00e9mo.<\/p>\n                <\/a>\n            <\/div>\n            <div class=\"subfooter-employer-wrap subfooter-employee-wrap\" data-aos=\"zoom-in\" data-aos-offset=\"200\" data-aos-delay=\"200\" data-aos-duration=\"500\">\n                <!--<p data-aos=\"zoom-in\" data-aos-offset=\"200\" data-aos-delay=\"650\" data-aos-duration=\"1200\" class=\"coming-soon-badge f-weight-600\">[dptext key=\"comingSoon\" post_id=362]<\/p>-->\n                <a href=\"\/fr-ca\/employee-overview\/\">\n                <div class=\"subfooter-employer-wrap-img\">\n                    <img decoding=\"async\" src=\"\/wp-content\/uploads\/sites\/3\/2024\/06\/subfooter-employee-artwork.png\">\n                <\/div>\n                <p class=\"dp-font-18 f-weight-500\" style=\"font-weight: 600 !important\">Je suis un employ\u00e9<\/p>\n                <p class=\"mb0 f-weight-400\">Mon entreprise propose DailyPay \u2013 J\u2019aimerais en savoir plus.<\/p>\n                <\/a>\n            <\/div>\n        <\/div>\n    <\/div>\n<\/div>\n\n\n\t\t\t\t<\/div>\n\t\t\t\t<\/div>\n\t\t\t\t<div class=\"elementor-element elementor-element-899959e elementor-widget elementor-widget-html\" data-id=\"899959e\" data-element_type=\"widget\" data-e-type=\"widget\" data-widget_type=\"html.default\">\n\t\t\t\t<div class=\"elementor-widget-container\">\n\t\t\t\t\t<script\n  id=\"__ada\"\n  data-handle=\"dailypay\"\n  src=\"https:\/\/static.ada.support\/embed2.js\"\n><\/script>\t\t\t\t<\/div>\n\t\t\t\t<\/div>\n\t\t\t\t\t<\/div>\n\t\t\t\t<\/div>\n\t\t\t\t<\/div>\n\t\t","protected":false},"excerpt":{"rendered":"<p>Foire aux questions Qu\u2019est-ce que DailyPay? DailyPay est la norme de l\u2019industrie en mati\u00e8re de paiement \u00e0 la demande avec un logiciel qui s\u2019int\u00e8gre facilement aux syst\u00e8mes de paie et de gestion du temps d\u2019une entreprise. DailyPay offre aux employ\u00e9s un acc\u00e8s anticip\u00e9 \u00e0 leur salaire gagn\u00e9. Cela signifie que les employ\u00e9s ont le pouvoir <a href=\"https:\/\/dailypay.ca\/fr-ca\/faqs\/\" class=\"more-link\">&#8230;<span class=\"screen-reader-text\">  FAQs<\/span><\/a><\/p>\n","protected":false},"author":3,"featured_media":0,"parent":0,"menu_order":0,"comment_status":"closed","ping_status":"closed","template":"","meta":{"inline_featured_image":false,"footnotes":""},"class_list":["post-279","page","type-page","status-publish","hentry"],"yoast_head":"<!-- This site is optimized with the Yoast SEO Premium plugin v26.9 (Yoast SEO v26.9) - https:\/\/yoast.com\/product\/yoast-seo-premium-wordpress\/ -->\n<title>Foire aux questions - DP Canada FR<\/title>\n<meta name=\"robots\" content=\"index, follow, max-snippet:-1, max-image-preview:large, max-video-preview:-1\" \/>\n<link rel=\"canonical\" href=\"https:\/\/dailypay.ca\/fr-ca\/faqs\/\" \/>\n<meta property=\"og:locale\" content=\"en_US\" \/>\n<meta property=\"og:type\" content=\"article\" \/>\n<meta property=\"og:title\" content=\"FAQs\" \/>\n<meta property=\"og:description\" content=\"Foire aux questions Qu\u2019est-ce que DailyPay? DailyPay est la norme de l\u2019industrie en mati\u00e8re de paiement \u00e0 la demande avec un logiciel qui s\u2019int\u00e8gre facilement aux syst\u00e8mes de paie et de gestion du temps d\u2019une entreprise. DailyPay offre aux employ\u00e9s un acc\u00e8s anticip\u00e9 \u00e0 leur salaire gagn\u00e9. Cela signifie que les employ\u00e9s ont le pouvoir ... FAQs\" \/>\n<meta property=\"og:url\" content=\"https:\/\/dailypay.ca\/fr-ca\/faqs\/\" \/>\n<meta property=\"og:site_name\" content=\"DP Canada FR\" \/>\n<meta property=\"article:modified_time\" content=\"2025-06-25T14:45:13+00:00\" \/>\n<meta property=\"og:image\" content=\"https:\/\/dailypay.ca\/fr-ca\/wp-content\/uploads\/sites\/2\/2024\/08\/dailypay-employee-fr.png\" \/>\n\t<meta property=\"og:image:width\" content=\"1200\" \/>\n\t<meta property=\"og:image:height\" content=\"630\" \/>\n\t<meta property=\"og:image:type\" content=\"image\/png\" \/>\n<meta name=\"twitter:card\" content=\"summary_large_image\" \/>\n<meta name=\"twitter:label1\" content=\"Est. reading time\" \/>\n\t<meta name=\"twitter:data1\" content=\"5 minutes\" \/>\n<script type=\"application\/ld+json\" class=\"yoast-schema-graph\">{\"@context\":\"https:\/\/schema.org\",\"@graph\":[{\"@type\":\"WebPage\",\"@id\":\"https:\/\/dailypay.ca\/fr-ca\/faqs\/\",\"url\":\"https:\/\/dailypay.ca\/fr-ca\/faqs\/\",\"name\":\"Foire aux questions - DP Canada FR\",\"isPartOf\":{\"@id\":\"https:\/\/dailypay.ca\/fr-ca\/#website\"},\"datePublished\":\"2024-06-20T19:23:33+00:00\",\"dateModified\":\"2025-06-25T14:45:13+00:00\",\"breadcrumb\":{\"@id\":\"https:\/\/dailypay.ca\/fr-ca\/faqs\/#breadcrumb\"},\"inLanguage\":\"en-US\",\"potentialAction\":[{\"@type\":\"ReadAction\",\"target\":[\"https:\/\/dailypay.ca\/fr-ca\/faqs\/\"]}]},{\"@type\":\"BreadcrumbList\",\"@id\":\"https:\/\/dailypay.ca\/fr-ca\/faqs\/#breadcrumb\",\"itemListElement\":[{\"@type\":\"ListItem\",\"position\":1,\"name\":\"Home\",\"item\":\"https:\/\/dailypay.ca\/fr-ca\/\"},{\"@type\":\"ListItem\",\"position\":2,\"name\":\"FAQs\"}]},{\"@type\":\"WebSite\",\"@id\":\"https:\/\/dailypay.ca\/fr-ca\/#website\",\"url\":\"https:\/\/dailypay.ca\/fr-ca\/\",\"name\":\"DP Canada FR\",\"description\":\"Le fruit de votre travail au quotidien\",\"publisher\":{\"@id\":\"https:\/\/dailypay.ca\/fr-ca\/#organization\"},\"alternateName\":\"DailyPay\",\"potentialAction\":[{\"@type\":\"SearchAction\",\"target\":{\"@type\":\"EntryPoint\",\"urlTemplate\":\"https:\/\/dailypay.ca\/fr-ca\/?s={search_term_string}\"},\"query-input\":{\"@type\":\"PropertyValueSpecification\",\"valueRequired\":true,\"valueName\":\"search_term_string\"}}],\"inLanguage\":\"en-US\"},{\"@type\":\"Organization\",\"@id\":\"https:\/\/dailypay.ca\/fr-ca\/#organization\",\"name\":\"DailyPay\",\"alternateName\":\"DP\",\"url\":\"https:\/\/dailypay.ca\/fr-ca\/\",\"logo\":{\"@type\":\"ImageObject\",\"inLanguage\":\"en-US\",\"@id\":\"https:\/\/dailypay.ca\/fr-ca\/#\/schema\/logo\/image\/\",\"url\":\"https:\/\/dailypay.ca\/fr-ca\/wp-content\/uploads\/sites\/2\/2024\/06\/dailypay-logo.svg\",\"contentUrl\":\"https:\/\/dailypay.ca\/fr-ca\/wp-content\/uploads\/sites\/2\/2024\/06\/dailypay-logo.svg\",\"width\":157,\"height\":39,\"caption\":\"DailyPay\"},\"image\":{\"@id\":\"https:\/\/dailypay.ca\/fr-ca\/#\/schema\/logo\/image\/\"}}]}<\/script>\n<!-- \/ Yoast SEO Premium plugin. -->","yoast_head_json":{"title":"Foire aux questions - DP Canada FR","robots":{"index":"index","follow":"follow","max-snippet":"max-snippet:-1","max-image-preview":"max-image-preview:large","max-video-preview":"max-video-preview:-1"},"canonical":"https:\/\/dailypay.ca\/fr-ca\/faqs\/","og_locale":"en_US","og_type":"article","og_title":"FAQs","og_description":"Foire aux questions Qu\u2019est-ce que DailyPay? DailyPay est la norme de l\u2019industrie en mati\u00e8re de paiement \u00e0 la demande avec un logiciel qui s\u2019int\u00e8gre facilement aux syst\u00e8mes de paie et de gestion du temps d\u2019une entreprise. DailyPay offre aux employ\u00e9s un acc\u00e8s anticip\u00e9 \u00e0 leur salaire gagn\u00e9. Cela signifie que les employ\u00e9s ont le pouvoir ... FAQs","og_url":"https:\/\/dailypay.ca\/fr-ca\/faqs\/","og_site_name":"DP Canada FR","article_modified_time":"2025-06-25T14:45:13+00:00","og_image":[{"width":1200,"height":630,"url":"https:\/\/dailypay.ca\/fr-ca\/wp-content\/uploads\/sites\/2\/2024\/08\/dailypay-employee-fr.png","type":"image\/png"}],"twitter_card":"summary_large_image","twitter_misc":{"Est. reading time":"5 minutes"},"schema":{"@context":"https:\/\/schema.org","@graph":[{"@type":"WebPage","@id":"https:\/\/dailypay.ca\/fr-ca\/faqs\/","url":"https:\/\/dailypay.ca\/fr-ca\/faqs\/","name":"Foire aux questions - DP Canada FR","isPartOf":{"@id":"https:\/\/dailypay.ca\/fr-ca\/#website"},"datePublished":"2024-06-20T19:23:33+00:00","dateModified":"2025-06-25T14:45:13+00:00","breadcrumb":{"@id":"https:\/\/dailypay.ca\/fr-ca\/faqs\/#breadcrumb"},"inLanguage":"en-US","potentialAction":[{"@type":"ReadAction","target":["https:\/\/dailypay.ca\/fr-ca\/faqs\/"]}]},{"@type":"BreadcrumbList","@id":"https:\/\/dailypay.ca\/fr-ca\/faqs\/#breadcrumb","itemListElement":[{"@type":"ListItem","position":1,"name":"Home","item":"https:\/\/dailypay.ca\/fr-ca\/"},{"@type":"ListItem","position":2,"name":"FAQs"}]},{"@type":"WebSite","@id":"https:\/\/dailypay.ca\/fr-ca\/#website","url":"https:\/\/dailypay.ca\/fr-ca\/","name":"DP Canada FR","description":"Le fruit de votre travail au quotidien","publisher":{"@id":"https:\/\/dailypay.ca\/fr-ca\/#organization"},"alternateName":"DailyPay","potentialAction":[{"@type":"SearchAction","target":{"@type":"EntryPoint","urlTemplate":"https:\/\/dailypay.ca\/fr-ca\/?s={search_term_string}"},"query-input":{"@type":"PropertyValueSpecification","valueRequired":true,"valueName":"search_term_string"}}],"inLanguage":"en-US"},{"@type":"Organization","@id":"https:\/\/dailypay.ca\/fr-ca\/#organization","name":"DailyPay","alternateName":"DP","url":"https:\/\/dailypay.ca\/fr-ca\/","logo":{"@type":"ImageObject","inLanguage":"en-US","@id":"https:\/\/dailypay.ca\/fr-ca\/#\/schema\/logo\/image\/","url":"https:\/\/dailypay.ca\/fr-ca\/wp-content\/uploads\/sites\/2\/2024\/06\/dailypay-logo.svg","contentUrl":"https:\/\/dailypay.ca\/fr-ca\/wp-content\/uploads\/sites\/2\/2024\/06\/dailypay-logo.svg","width":157,"height":39,"caption":"DailyPay"},"image":{"@id":"https:\/\/dailypay.ca\/fr-ca\/#\/schema\/logo\/image\/"}}]}},"_links":{"self":[{"href":"https:\/\/dailypay.ca\/fr-ca\/wp-json\/wp\/v2\/pages\/279","targetHints":{"allow":["GET"]}}],"collection":[{"href":"https:\/\/dailypay.ca\/fr-ca\/wp-json\/wp\/v2\/pages"}],"about":[{"href":"https:\/\/dailypay.ca\/fr-ca\/wp-json\/wp\/v2\/types\/page"}],"author":[{"embeddable":true,"href":"https:\/\/dailypay.ca\/fr-ca\/wp-json\/wp\/v2\/users\/3"}],"replies":[{"embeddable":true,"href":"https:\/\/dailypay.ca\/fr-ca\/wp-json\/wp\/v2\/comments?post=279"}],"version-history":[{"count":0,"href":"https:\/\/dailypay.ca\/fr-ca\/wp-json\/wp\/v2\/pages\/279\/revisions"}],"wp:attachment":[{"href":"https:\/\/dailypay.ca\/fr-ca\/wp-json\/wp\/v2\/media?parent=279"}],"curies":[{"name":"wp","href":"https:\/\/api.w.org\/{rel}","templated":true}]}}