{"id":512,"date":"2025-08-19T20:23:00","date_gmt":"2025-08-19T20:23:00","guid":{"rendered":"https:\/\/dailypay.ca\/fr-ca\/?page_id=512"},"modified":"2026-02-18T14:37:45","modified_gmt":"2026-02-18T14:37:45","slug":"board-of-directors","status":"publish","type":"page","link":"https:\/\/dailypay.ca\/fr-ca\/about\/board-of-directors\/","title":{"rendered":"Board of Directors"},"content":{"rendered":"\t\t<div data-elementor-type=\"wp-page\" data-elementor-id=\"512\" class=\"elementor elementor-512\" data-elementor-post-type=\"page\">\n\t\t\t\t<div class=\"elementor-element elementor-element-bf2a837 e-flex e-con-boxed e-con e-parent\" data-id=\"bf2a837\" data-element_type=\"container\" data-e-type=\"container\">\n\t\t\t\t\t<div class=\"e-con-inner\">\n\t\t\t\t<div class=\"elementor-element elementor-element-02102cb elementor-widget elementor-widget-ucaddon_dp_heading_text\" data-id=\"02102cb\" data-element_type=\"widget\" data-e-type=\"widget\" data-widget_type=\"ucaddon_dp_heading_text.default\">\n\t\t\t\t<div class=\"elementor-widget-container\">\n\t\t\t\t\t\n<!-- start DP Heading Text -->\n<style>\/* widget: DP Heading Text *\/\n\nh1 span, h2 span, h3 span, h4 span, h5 span, h6 span {\n  font-family: var(--primary-font) !important;\n}\n\n<\/style>\n\n<h1 class=\"dp-font-40 navy-text dp-font-primary f-weight-300 text-center dp-mb16 mt0\" style=\"max-width: 700px;margin: auto;\">Rencontrez notre conseil d'administration<\/h1>\n<!-- end DP Heading Text -->\t\t\t\t<\/div>\n\t\t\t\t<\/div>\n\t\t\t\t<div class=\"elementor-element elementor-element-bc67a20 elementor-widget elementor-widget-ucaddon_dp_text\" data-id=\"bc67a20\" data-element_type=\"widget\" data-e-type=\"widget\" data-widget_type=\"ucaddon_dp_text.default\">\n\t\t\t\t<div class=\"elementor-widget-container\">\n\t\t\t\t\t\n<!-- start DP Text -->\n<style>\/* widget: DP Text *\/\n\nh1 span, h2 span, h3 span, h4 span, h5 span, h6 span {\n  font-family: var(--primary-font) !important;\n}\n\n<\/style>\n\n<p class=\"dp-font-16 navy-text dp-font-secondary f-weight-300 text-center mb0 mt0\" style=\"max-width: 800px;margin: auto;\">Notre conseil d'administration est compos\u00e9 de dirigeants et d'investisseurs chevronn\u00e9s poss\u00e9dant une vaste exp\u00e9rience en finance, technologie et capital-risque. Leurs parcours couvrent des postes de direction au sein de grandes institutions financi\u00e8res, d'entreprises prosp\u00e8res et de soci\u00e9t\u00e9s d'investissement de premier plan. Ensemble, ils apportent des d\u00e9cennies d'expertise qui influencent la mission de DailyPay\u00a0: aider les travailleurs \u00e0 atteindre un meilleur bien-\u00eatre financier et \u00e0 vivre une vie plus \u00e9panouie. Cliquez ci-dessous pour en savoir plus sur chaque membre du conseil.<\/p>\n<!-- end DP Text -->\t\t\t\t<\/div>\n\t\t\t\t<\/div>\n\t\t\t\t<div class=\"elementor-element elementor-element-b5de681 elementor-widget elementor-widget-html\" data-id=\"b5de681\" data-element_type=\"widget\" data-e-type=\"widget\" data-widget_type=\"html.default\">\n\t\t\t\t<div class=\"elementor-widget-container\">\n\t\t\t\t\t<div class=\"bio-outer-wrap\">\n <div class=\"bio-outer-wrap-inner bio-leaders-wrap\">\n  <div class=\"bio-individual-row\">\n      <!--bio start-->\n   <div class=\"bio-individual-wrap\">\n    <div class=\"bio-desc-close-wrap\">\n     <div class=\"bio-individual-img\">\n      <img decoding=\"async\" src=\"\/wp-content\/uploads\/sites\/3\/2025\/10\/cece-morken-headshot.png\" alt=\"Photo of CeCe Morken\">\n     <\/div>\n     <div class=\"bio-front-text-wrap\">\n      <div class=\"bio-front-text-wrap-quote-desc\">\n       <p class=\"bio-desc-text mb0\">Cece Morken est une dirigeante accomplie dans le domaine des logiciels et des services financiers. Elle est l\u2019ancienne PDG de Headspace, et a auparavant pass\u00e9 plus d\u2019une d\u00e9cennie chez Intuit o\u00f9 elle a occup\u00e9 des postes de direction, supervisant les partenariats strat\u00e9giques, les services financiers et plus encore. Elle si\u00e8ge au conseil d\u2019administration de plusieurs soci\u00e9t\u00e9s publiques, dont Wells Fargo et Genpact.<\/p>\n      <\/div>\n      <div class=\"bio-front-text-wrap-name-position\">\n       <p class=\"bio-title\">CeCe Morken<\/p>\n     <p class=\"bio-position\">Fortune 500 et directrice du conseil d\u2019administration public, Wells Fargo, Genpact, DailyPay<\/p>\n      <\/div>\n     <\/div>\n    <\/div>\n   <\/div>\n   <!--bio end-->\n   <!--bio start-->\n   <div class=\"bio-individual-wrap\">\n    <div class=\"bio-desc-close-wrap\">\n     <div class=\"bio-individual-img\">\n      <img decoding=\"async\" src=\"\/wp-content\/uploads\/sites\/3\/2025\/10\/nelson-chai-headshot.png\" alt=\"Photo of Nelson Chai\">\n     <\/div>\n     <div class=\"bio-front-text-wrap\">\n      <div class=\"bio-front-text-wrap-quote-desc\">\n       <p class=\"bio-desc-text mb0\">Nelson Chai est un dirigeant financier chevronn\u00e9 avec plus de 30 ans d'exp\u00e9rience. Il a r\u00e9cemment occup\u00e9 le poste de directeur financier chez Uber, menant sa rentabilit\u00e9 et son introduction en bourse. Auparavant, il \u00e9tait PDG de Warranty Group, pr\u00e9sident de CIT Group et directeur financier de Merrill Lynch, NYSE Euronext et Archipelago Holdings. Il si\u00e8ge aux conseils d\u2019administration de Chubb et de Thermo Fisher Scientific. Nelson est titulaire d\u2019un BA de l\u2019Universit\u00e9 de Pennsylvanie et d\u2019un MBA de la Harvard Business School.<\/p>\n      <\/div>\n      <div class=\"bio-front-text-wrap-name-position\">\n       <p class=\"bio-title\">Nelson Chai<\/p>\n     <p class=\"bio-position\">Directeur g\u00e9n\u00e9ral, DailyPay<\/p>\n      <\/div>\n     <\/div>\n    <\/div>\n   <\/div>\n   <!--bio end-->\n   <!--bio start-->\n   <div class=\"bio-individual-wrap\">\n    <div class=\"bio-desc-close-wrap\">\n     <div class=\"bio-individual-img\">\n      <img decoding=\"async\" src=\"\/wp-content\/uploads\/sites\/3\/2025\/07\/derek-anderson.png\" alt=\"Photo of Derek Anderson\">\n     <\/div>\n     <div class=\"bio-front-text-wrap\">\n      <div class=\"bio-front-text-wrap-quote-desc\">\n       <p class=\"bio-desc-text mb0\">Derek Andersen b\u00e9n\u00e9ficie de plusieurs d\u00e9cennies d'exp\u00e9rience en leadership financier au sein de grandes multinationales des technologies et des m\u00e9dias. Actuellement directeur financier de Snap Inc. depuis mai 2019, il a pr\u00e9c\u00e9demment occup\u00e9 des postes cl\u00e9s dans la finance chez Amazon.com, Inc., notamment celui de vice-pr\u00e9sident financier pour la vid\u00e9o num\u00e9rique, et chez Fox Interactive Media, o\u00f9 il a occup\u00e9 le poste de vice-pr\u00e9sident senior des finances et des op\u00e9rations commerciales d'IGN.<\/p>\n      <\/div>\n      <div class=\"bio-front-text-wrap-name-position\">\n       <p class=\"bio-title\">Derek Andersen<\/p>\n     <p class=\"bio-position\">Directeur financier, Snap Inc.<\/p>\n      <\/div>\n     <\/div>\n    <\/div>\n   <\/div>\n   <!--bio end-->\n   <!--bio start-->\n   <div class=\"bio-individual-wrap\">\n    <div class=\"bio-desc-close-wrap\">\n     <div class=\"bio-individual-img\">\n      <img decoding=\"async\" src=\"\/wp-content\/uploads\/sites\/3\/2025\/04\/adam-boyden.png\" alt=\"Photo of Adam Boyden\">\n     <\/div>\n     <div class=\"bio-front-text-wrap\">\n      <div class=\"bio-front-text-wrap-quote-desc\">\n       <p class=\"bio-desc-text mb0\">Adam est associ\u00e9 chez RPM Ventures. Il est un entrepreneur 5x avec des sorties dans de nombreuses soci\u00e9t\u00e9s ouvertes et \u00e9tait auparavant chef de l\u2019exploitation chez Social Finance (SoFi). Adam est titulaire d\u2019une MBA de l\u2019Universit\u00e9 de Stanford.<\/p>\n      <\/div>\n      <div class=\"bio-front-text-wrap-name-position\">\n       <p class=\"bio-title\">Adam Boyden<\/p>\n     <p class=\"bio-position\">Directeur g\u00e9n\u00e9ral, RPM Ventures<\/p>\n      <\/div>\n     <\/div>\n    <\/div>\n   <\/div>\n   <!--bio end-->\n      \n   <!--bio start-->\n   <div class=\"bio-individual-wrap\">\n    <div class=\"bio-desc-close-wrap\">\n     <div class=\"bio-individual-img\">\n      <img decoding=\"async\" src=\"\/wp-content\/uploads\/sites\/3\/2026\/02\/jennifer-jackson-headshot.png\" alt=\"Photo of Jennifer Jackson\">\n     <\/div>\n     <div class=\"bio-front-text-wrap\">\n      <div class=\"bio-front-text-wrap-quote-desc\">\n       <p class=\"bio-desc-text mb0\">Jennifer R. Jackson apporte une vaste expertise dans les domaines des services financiers et de la consommation. En tant qu\u2019ancienne vice-pr\u00e9sidente principale du marchandisage chez Walmart, elle a dirig\u00e9 un portefeuille de plusieurs milliards de dollars. Auparavant, elle a occup\u00e9 le poste de pr\u00e9sidente de Capital One Canada, o\u00f9 elle a pilot\u00e9 la transformation num\u00e9rique d\u2019une activit\u00e9 de cartes de cr\u00e9dit s'\u00e9levant \u00e0 plusieurs milliards de dollars. Elle d\u00e9tient un doctorat de l\u2019Universit\u00e9 Carnegie Mellon et un baccalaur\u00e9at en sciences de l\u2019Universit\u00e9 Yale.<\/p>\n      <\/div>\n      <div class=\"bio-front-text-wrap-name-position\">\n       <p class=\"bio-title\">Jennifer R. Jackson<\/p>\n     <p class=\"bio-position\">Ancienne vice-pr\u00e9sidente principale, Marchandisage, Walmart \u00c9tats-Unis<\/p>\n      <\/div>\n     <\/div>\n    <\/div>\n   <\/div>\n   <!--bio end-->\n   <!--bio start-->\n   <div class=\"bio-individual-wrap\">\n    <div class=\"bio-desc-close-wrap\">\n     <div class=\"bio-individual-img\">\n      <img decoding=\"async\" src=\"\/wp-content\/uploads\/sites\/3\/2025\/04\/about-us-jim-madden.png\" alt=\"Photo of Jim Madden\">\n     <\/div>\n     <div class=\"bio-front-text-wrap\">\n      <div class=\"bio-front-text-wrap-quote-desc\">\n       <p class=\"bio-desc-text mb0\">Jim Madden est co-PDG et co-pr\u00e9sident du comit\u00e9 d\u2019investissement de Carrick Capital Partners. Il y supervise directement l\u2019approvisionnement et l\u2019accompagnement de la croissance d\u2019entreprises prosp\u00e8res dans le domaine des logiciels et des applications logicielles. Fort de sa profonde compr\u00e9hension des ventes, des op\u00e9rations et de la gouvernance d\u2019entreprise, Jim aide ces entreprises \u00e0 cr\u00e9er une valeur substantielle \u00e0 long terme.<\/p>\n      <\/div>\n      <div class=\"bio-front-text-wrap-name-position\">\n       <p class=\"bio-title\">Jim Madden<\/p>\n     <p class=\"bio-position\">PDG & co-pr\u00e9sident comit\u00e9 d\u2019investissement, Carrick Capital Partners<\/p>\n      <\/div>\n     <\/div>\n    <\/div>\n   <\/div>\n   <!--bio end-->\n   \n   \n   <!--bio start-->\n   <div class=\"bio-individual-wrap\">\n    <div class=\"bio-desc-close-wrap\">\n     <div class=\"bio-individual-img\">\n      <img decoding=\"async\" src=\"\/wp-content\/uploads\/sites\/3\/2025\/04\/about-us-scott-parker.png\" alt=\"Photo of Scott Parker\">\n     <\/div>\n     <div class=\"bio-front-text-wrap\">\n      <div class=\"bio-front-text-wrap-quote-desc\">\n       <p class=\"bio-desc-text mb0\">Scott Parker apporte des d\u00e9cennies d\u2019exp\u00e9rience en finance et en op\u00e9rations dans plusieurs entreprises publiques. Plus r\u00e9cemment, il a occup\u00e9 le poste de directeur financier de Nations Benefits. Auparavant, Scott a \u00e9t\u00e9 PVP et directeur financier de Ryder Systems, OneMain Financial et CIT Group. Il a aussi \u00e9t\u00e9 COO et directeur financier pour Cerberus Operating and Advisory Company. Scott a d\u00e9but\u00e9 sa carri\u00e8re chez GE et a pass\u00e9 plus de 17 ans dans divers postes financiers et op\u00e9rationnels, principalement au sein de GE Capital.<\/p>\n      <\/div>\n      <div class=\"bio-front-text-wrap-name-position\">\n       <p class=\"bio-title\">Scott Parker<\/p>\n     <p class=\"bio-position\">Ancien directeur financier, NationsBenefits<\/p>\n      <\/div>\n     <\/div>\n    <\/div>\n   <\/div>\n   <!--bio end-->\n   <!--bio start-->\n   <div class=\"bio-individual-wrap\">\n    <div class=\"bio-desc-close-wrap\">\n     <div class=\"bio-individual-img\">\n      <img decoding=\"async\" src=\"\/wp-content\/uploads\/sites\/3\/2025\/04\/about-us-brett-pitts.png\" alt=\"Photo of Brett Pitts\">\n     <\/div>\n     <div class=\"bio-front-text-wrap\">\n      <div class=\"bio-front-text-wrap-quote-desc\">\n       <p class=\"bio-desc-text mb0\">Brett Pitts rejoint le conseil d'administration de DailyPay avec plus de 25 ans d'exp\u00e9rience dans le secteur bancaire et plus de 30 ans dans le domaine de la technologie num\u00e9rique. Il a \u00e9t\u00e9 chef de la Tr\u00e9sorerie et des paiements pour l\u2019Am\u00e9rique du Nord chez BMO Groupe financier et avant cela, il a pass\u00e9 17 ans en tant que vice-pr\u00e9sident ex\u00e9cutif et chef de groupe du num\u00e9rique chez Wells Fargo. Pitts est titulaire d\u2019une MBA de l\u2019Universit\u00e9 de l\u2019Arizona et d\u2019un baccalaur\u00e9at en administration des affaires de l\u2019Universit\u00e9 du Texas \u00e0 Austin.<\/p>\n      <\/div>\n      <div class=\"bio-front-text-wrap-name-position\">\n       <p class=\"bio-title\">Brett Pitts<\/p>\n     <p class=\"bio-position\">Ancien chef des solutions de tr\u00e9sorerie et de paiement nord-am\u00e9ricaines de BMO Groupe financier<\/p>\n      <\/div>\n     <\/div>\n    <\/div>\n   <\/div>\n   <!--bio end-->\n   <!--bio start-->\n   <div class=\"bio-individual-wrap\">\n    <div class=\"bio-desc-close-wrap\">\n     <div class=\"bio-individual-img\">\n      <img decoding=\"async\" src=\"\/wp-content\/uploads\/sites\/3\/2025\/04\/about-us-andy-sessions.png\" alt=\"Photo of Andy Sessions\">\n     <\/div>\n     <div class=\"bio-front-text-wrap\">\n      <div class=\"bio-front-text-wrap-quote-desc\">\n       <p class=\"bio-desc-text mb0\">Andy est associ\u00e9 principal chez Intercept Ventures. Il poss\u00e8de plus de 25 ann\u00e9es d\u2019exp\u00e9rience dans les entreprises technologiques, dans les domaines de l\u2019investissement, du conseil et de la banque. Andy \u00e9tait un associ\u00e9 fondateur de Thomas Weisel Partners, le cofondateur de Thomas Weisel Venture Partners, et associ\u00e9 principal chez TCV. Andy est titulaire d\u2019un BA de Stanford et d\u2019un MBA de la Harvard Business School.<\/p>\n      <\/div>\n      <div class=\"bio-front-text-wrap-name-position\">\n       <p class=\"bio-title\">Andy Sessions<\/p>\n     <p class=\"bio-position\">Directeur g\u00e9n\u00e9ral, Intercept Ventures LLC<\/p>\n      <\/div>\n     <\/div>\n    <\/div>\n   <\/div>\n   <!--bio end-->\n  <\/div>\n <\/div>\n<\/div>\t\t\t\t<\/div>\n\t\t\t\t<\/div>\n\t\t\t\t\t<\/div>\n\t\t\t\t<\/div>\n\t\t\t\t<\/div>\n\t\t","protected":false},"excerpt":{"rendered":"<p>Rencontrez notre conseil d&#8217;administration Notre conseil d&#8217;administration est compos\u00e9 de dirigeants et d&#8217;investisseurs chevronn\u00e9s poss\u00e9dant une vaste exp\u00e9rience en finance, technologie et capital-risque. Leurs parcours couvrent des postes de direction au sein de grandes institutions financi\u00e8res, d&#8217;entreprises prosp\u00e8res et de soci\u00e9t\u00e9s d&#8217;investissement de premier plan. Ensemble, ils apportent des d\u00e9cennies d&#8217;expertise qui influencent la mission <a href=\"https:\/\/dailypay.ca\/fr-ca\/about\/board-of-directors\/\" class=\"more-link\">&#8230;<span class=\"screen-reader-text\">  Board of Directors<\/span><\/a><\/p>\n","protected":false},"author":3,"featured_media":0,"parent":236,"menu_order":0,"comment_status":"closed","ping_status":"closed","template":"","meta":{"inline_featured_image":false,"footnotes":""},"class_list":["post-512","page","type-page","status-publish","hentry"],"yoast_head":"<!-- This site is optimized with the Yoast SEO Premium plugin v26.9 (Yoast SEO v26.9) - https:\/\/yoast.com\/product\/yoast-seo-premium-wordpress\/ -->\n<title>Board of Directors - DP Canada FR<\/title>\n<meta name=\"robots\" content=\"index, follow, max-snippet:-1, max-image-preview:large, max-video-preview:-1\" \/>\n<link rel=\"canonical\" href=\"https:\/\/dailypay.ca\/fr-ca\/about\/board-of-directors\/\" \/>\n<meta property=\"og:locale\" content=\"en_US\" \/>\n<meta property=\"og:type\" content=\"article\" \/>\n<meta property=\"og:title\" content=\"Board of Directors\" \/>\n<meta property=\"og:description\" content=\"Rencontrez notre conseil d&#8217;administration Notre conseil d&#8217;administration est compos\u00e9 de dirigeants et d&#8217;investisseurs chevronn\u00e9s poss\u00e9dant une vaste exp\u00e9rience en finance, technologie et capital-risque. Leurs parcours couvrent des postes de direction au sein de grandes institutions financi\u00e8res, d&#8217;entreprises prosp\u00e8res et de soci\u00e9t\u00e9s d&#8217;investissement de premier plan. Ensemble, ils apportent des d\u00e9cennies d&#8217;expertise qui influencent la mission ... Board of Directors\" \/>\n<meta property=\"og:url\" content=\"https:\/\/dailypay.ca\/fr-ca\/about\/board-of-directors\/\" \/>\n<meta property=\"og:site_name\" content=\"DP Canada FR\" \/>\n<meta property=\"article:modified_time\" content=\"2026-02-18T14:37:45+00:00\" \/>\n<meta property=\"og:image\" content=\"https:\/\/dailypay.ca\/fr-ca\/wp-content\/uploads\/sites\/2\/2024\/08\/dailypay-employee-fr.png\" \/>\n\t<meta property=\"og:image:width\" content=\"1200\" \/>\n\t<meta property=\"og:image:height\" content=\"630\" \/>\n\t<meta property=\"og:image:type\" content=\"image\/png\" \/>\n<meta name=\"twitter:card\" content=\"summary_large_image\" \/>\n<meta name=\"twitter:label1\" content=\"Est. reading time\" \/>\n\t<meta name=\"twitter:data1\" content=\"6 minutes\" \/>\n<script type=\"application\/ld+json\" class=\"yoast-schema-graph\">{\"@context\":\"https:\/\/schema.org\",\"@graph\":[{\"@type\":\"WebPage\",\"@id\":\"https:\/\/dailypay.ca\/fr-ca\/about\/board-of-directors\/\",\"url\":\"https:\/\/dailypay.ca\/fr-ca\/about\/board-of-directors\/\",\"name\":\"Board of Directors - DP Canada FR\",\"isPartOf\":{\"@id\":\"https:\/\/dailypay.ca\/fr-ca\/#website\"},\"datePublished\":\"2025-08-19T20:23:00+00:00\",\"dateModified\":\"2026-02-18T14:37:45+00:00\",\"breadcrumb\":{\"@id\":\"https:\/\/dailypay.ca\/fr-ca\/about\/board-of-directors\/#breadcrumb\"},\"inLanguage\":\"en-US\",\"potentialAction\":[{\"@type\":\"ReadAction\",\"target\":[\"https:\/\/dailypay.ca\/fr-ca\/about\/board-of-directors\/\"]}]},{\"@type\":\"BreadcrumbList\",\"@id\":\"https:\/\/dailypay.ca\/fr-ca\/about\/board-of-directors\/#breadcrumb\",\"itemListElement\":[{\"@type\":\"ListItem\",\"position\":1,\"name\":\"Home\",\"item\":\"https:\/\/dailypay.ca\/fr-ca\/\"},{\"@type\":\"ListItem\",\"position\":2,\"name\":\"About\",\"item\":\"https:\/\/dailypay.ca\/fr-ca\/about\/\"},{\"@type\":\"ListItem\",\"position\":3,\"name\":\"Board of Directors\"}]},{\"@type\":\"WebSite\",\"@id\":\"https:\/\/dailypay.ca\/fr-ca\/#website\",\"url\":\"https:\/\/dailypay.ca\/fr-ca\/\",\"name\":\"DP Canada FR\",\"description\":\"Le fruit de votre travail au quotidien\",\"publisher\":{\"@id\":\"https:\/\/dailypay.ca\/fr-ca\/#organization\"},\"alternateName\":\"DailyPay\",\"potentialAction\":[{\"@type\":\"SearchAction\",\"target\":{\"@type\":\"EntryPoint\",\"urlTemplate\":\"https:\/\/dailypay.ca\/fr-ca\/?s={search_term_string}\"},\"query-input\":{\"@type\":\"PropertyValueSpecification\",\"valueRequired\":true,\"valueName\":\"search_term_string\"}}],\"inLanguage\":\"en-US\"},{\"@type\":\"Organization\",\"@id\":\"https:\/\/dailypay.ca\/fr-ca\/#organization\",\"name\":\"DailyPay\",\"alternateName\":\"DP\",\"url\":\"https:\/\/dailypay.ca\/fr-ca\/\",\"logo\":{\"@type\":\"ImageObject\",\"inLanguage\":\"en-US\",\"@id\":\"https:\/\/dailypay.ca\/fr-ca\/#\/schema\/logo\/image\/\",\"url\":\"https:\/\/dailypay.ca\/fr-ca\/wp-content\/uploads\/sites\/2\/2024\/06\/dailypay-logo.svg\",\"contentUrl\":\"https:\/\/dailypay.ca\/fr-ca\/wp-content\/uploads\/sites\/2\/2024\/06\/dailypay-logo.svg\",\"width\":157,\"height\":39,\"caption\":\"DailyPay\"},\"image\":{\"@id\":\"https:\/\/dailypay.ca\/fr-ca\/#\/schema\/logo\/image\/\"}}]}<\/script>\n<!-- \/ Yoast SEO Premium plugin. -->","yoast_head_json":{"title":"Board of Directors - DP Canada FR","robots":{"index":"index","follow":"follow","max-snippet":"max-snippet:-1","max-image-preview":"max-image-preview:large","max-video-preview":"max-video-preview:-1"},"canonical":"https:\/\/dailypay.ca\/fr-ca\/about\/board-of-directors\/","og_locale":"en_US","og_type":"article","og_title":"Board of Directors","og_description":"Rencontrez notre conseil d&#8217;administration Notre conseil d&#8217;administration est compos\u00e9 de dirigeants et d&#8217;investisseurs chevronn\u00e9s poss\u00e9dant une vaste exp\u00e9rience en finance, technologie et capital-risque. Leurs parcours couvrent des postes de direction au sein de grandes institutions financi\u00e8res, d&#8217;entreprises prosp\u00e8res et de soci\u00e9t\u00e9s d&#8217;investissement de premier plan. Ensemble, ils apportent des d\u00e9cennies d&#8217;expertise qui influencent la mission ... Board of Directors","og_url":"https:\/\/dailypay.ca\/fr-ca\/about\/board-of-directors\/","og_site_name":"DP Canada FR","article_modified_time":"2026-02-18T14:37:45+00:00","og_image":[{"width":1200,"height":630,"url":"https:\/\/dailypay.ca\/fr-ca\/wp-content\/uploads\/sites\/2\/2024\/08\/dailypay-employee-fr.png","type":"image\/png"}],"twitter_card":"summary_large_image","twitter_misc":{"Est. reading time":"6 minutes"},"schema":{"@context":"https:\/\/schema.org","@graph":[{"@type":"WebPage","@id":"https:\/\/dailypay.ca\/fr-ca\/about\/board-of-directors\/","url":"https:\/\/dailypay.ca\/fr-ca\/about\/board-of-directors\/","name":"Board of Directors - DP Canada FR","isPartOf":{"@id":"https:\/\/dailypay.ca\/fr-ca\/#website"},"datePublished":"2025-08-19T20:23:00+00:00","dateModified":"2026-02-18T14:37:45+00:00","breadcrumb":{"@id":"https:\/\/dailypay.ca\/fr-ca\/about\/board-of-directors\/#breadcrumb"},"inLanguage":"en-US","potentialAction":[{"@type":"ReadAction","target":["https:\/\/dailypay.ca\/fr-ca\/about\/board-of-directors\/"]}]},{"@type":"BreadcrumbList","@id":"https:\/\/dailypay.ca\/fr-ca\/about\/board-of-directors\/#breadcrumb","itemListElement":[{"@type":"ListItem","position":1,"name":"Home","item":"https:\/\/dailypay.ca\/fr-ca\/"},{"@type":"ListItem","position":2,"name":"About","item":"https:\/\/dailypay.ca\/fr-ca\/about\/"},{"@type":"ListItem","position":3,"name":"Board of Directors"}]},{"@type":"WebSite","@id":"https:\/\/dailypay.ca\/fr-ca\/#website","url":"https:\/\/dailypay.ca\/fr-ca\/","name":"DP Canada FR","description":"Le fruit de votre travail au quotidien","publisher":{"@id":"https:\/\/dailypay.ca\/fr-ca\/#organization"},"alternateName":"DailyPay","potentialAction":[{"@type":"SearchAction","target":{"@type":"EntryPoint","urlTemplate":"https:\/\/dailypay.ca\/fr-ca\/?s={search_term_string}"},"query-input":{"@type":"PropertyValueSpecification","valueRequired":true,"valueName":"search_term_string"}}],"inLanguage":"en-US"},{"@type":"Organization","@id":"https:\/\/dailypay.ca\/fr-ca\/#organization","name":"DailyPay","alternateName":"DP","url":"https:\/\/dailypay.ca\/fr-ca\/","logo":{"@type":"ImageObject","inLanguage":"en-US","@id":"https:\/\/dailypay.ca\/fr-ca\/#\/schema\/logo\/image\/","url":"https:\/\/dailypay.ca\/fr-ca\/wp-content\/uploads\/sites\/2\/2024\/06\/dailypay-logo.svg","contentUrl":"https:\/\/dailypay.ca\/fr-ca\/wp-content\/uploads\/sites\/2\/2024\/06\/dailypay-logo.svg","width":157,"height":39,"caption":"DailyPay"},"image":{"@id":"https:\/\/dailypay.ca\/fr-ca\/#\/schema\/logo\/image\/"}}]}},"_links":{"self":[{"href":"https:\/\/dailypay.ca\/fr-ca\/wp-json\/wp\/v2\/pages\/512","targetHints":{"allow":["GET"]}}],"collection":[{"href":"https:\/\/dailypay.ca\/fr-ca\/wp-json\/wp\/v2\/pages"}],"about":[{"href":"https:\/\/dailypay.ca\/fr-ca\/wp-json\/wp\/v2\/types\/page"}],"author":[{"embeddable":true,"href":"https:\/\/dailypay.ca\/fr-ca\/wp-json\/wp\/v2\/users\/3"}],"replies":[{"embeddable":true,"href":"https:\/\/dailypay.ca\/fr-ca\/wp-json\/wp\/v2\/comments?post=512"}],"version-history":[{"count":0,"href":"https:\/\/dailypay.ca\/fr-ca\/wp-json\/wp\/v2\/pages\/512\/revisions"}],"up":[{"embeddable":true,"href":"https:\/\/dailypay.ca\/fr-ca\/wp-json\/wp\/v2\/pages\/236"}],"wp:attachment":[{"href":"https:\/\/dailypay.ca\/fr-ca\/wp-json\/wp\/v2\/media?parent=512"}],"curies":[{"name":"wp","href":"https:\/\/api.w.org\/{rel}","templated":true}]}}